{"id":99,"date":"2025-01-13T15:38:07","date_gmt":"2025-01-13T14:38:07","guid":{"rendered":"https:\/\/transportsdossat.com\/?page_id=99"},"modified":"2025-02-05T09:05:54","modified_gmt":"2025-02-05T08:05:54","slug":"transports-scolaires","status":"publish","type":"page","link":"https:\/\/transportsdossat.com\/?page_id=99","title":{"rendered":"Transports scolaires"},"content":{"rendered":"\t\t<div data-elementor-type=\"wp-page\" data-elementor-id=\"99\" class=\"elementor elementor-99\">\n\t\t\t\t<div class=\"elementor-element elementor-element-0104cf7 e-flex e-con-boxed e-con e-parent\" data-id=\"0104cf7\" data-element_type=\"container\" data-e-type=\"container\">\n\t\t\t\t\t<div class=\"e-con-inner\">\n\t\t\t\t<div class=\"elementor-element elementor-element-4d0ddaa elementor-widget elementor-widget-heading\" data-id=\"4d0ddaa\" data-element_type=\"widget\" data-e-type=\"widget\" data-widget_type=\"heading.default\">\n\t\t\t\t<div class=\"elementor-widget-container\">\n\t\t\t\t\t<h2 class=\"elementor-heading-title elementor-size-default\">Transports scolaires<\/h2>\t\t\t\t<\/div>\n\t\t\t\t<\/div>\n\t\t\t\t\t<\/div>\n\t\t\t\t<\/div>\n\t\t<div class=\"elementor-element elementor-element-c778885 e-flex e-con-boxed e-con e-parent\" data-id=\"c778885\" data-element_type=\"container\" data-e-type=\"container\">\n\t\t\t\t\t<div class=\"e-con-inner\">\n\t\t\t\t<div class=\"elementor-element elementor-element-7b93465 elementor-widget__width-initial elementor-widget elementor-widget-image\" data-id=\"7b93465\" data-element_type=\"widget\" data-e-type=\"widget\" data-widget_type=\"image.default\">\n\t\t\t\t<div class=\"elementor-widget-container\">\n\t\t\t\t\t\t\t\t\t\t\t\t\t\t\t\t<a href=\"https:\/\/transportsdossat.com\/nous-contacter\/\">\n\t\t\t\t\t\t\t<img fetchpriority=\"high\" decoding=\"async\" data-attachment-id=\"417\" data-permalink=\"https:\/\/transportsdossat.com\/?attachment_id=417\" data-orig-file=\"https:\/\/transportsdossat.com\/wp-content\/uploads\/2025\/01\/LOCATION-DE-VEHICULES-8.png\" data-orig-size=\"6912,3456\" data-comments-opened=\"1\" data-image-meta=\"{&quot;aperture&quot;:&quot;0&quot;,&quot;credit&quot;:&quot;&quot;,&quot;camera&quot;:&quot;&quot;,&quot;caption&quot;:&quot;&quot;,&quot;created_timestamp&quot;:&quot;0&quot;,&quot;copyright&quot;:&quot;&quot;,&quot;focal_length&quot;:&quot;0&quot;,&quot;iso&quot;:&quot;0&quot;,&quot;shutter_speed&quot;:&quot;0&quot;,&quot;title&quot;:&quot;&quot;,&quot;orientation&quot;:&quot;0&quot;}\" data-image-title=\"LOCATION DE VE\u0301HICULES (8)\" data-image-description=\"&lt;p&gt;Transports scolaires&lt;\/p&gt;\n\" data-image-caption=\"&lt;p&gt;Transports scolaires&lt;\/p&gt;\n\" data-large-file=\"https:\/\/transportsdossat.com\/wp-content\/uploads\/2025\/01\/LOCATION-DE-VEHICULES-8-1024x512.png\" width=\"1024\" height=\"512\" src=\"https:\/\/transportsdossat.com\/wp-content\/uploads\/2025\/01\/LOCATION-DE-VEHICULES-8-1024x512.png\" class=\"attachment-large size-large wp-image-417\" alt=\"Transports scolaires\" srcset=\"https:\/\/transportsdossat.com\/wp-content\/uploads\/2025\/01\/LOCATION-DE-VEHICULES-8-1024x512.png 1024w, https:\/\/transportsdossat.com\/wp-content\/uploads\/2025\/01\/LOCATION-DE-VEHICULES-8-300x150.png 300w, https:\/\/transportsdossat.com\/wp-content\/uploads\/2025\/01\/LOCATION-DE-VEHICULES-8-768x384.png 768w, https:\/\/transportsdossat.com\/wp-content\/uploads\/2025\/01\/LOCATION-DE-VEHICULES-8-1536x768.png 1536w, https:\/\/transportsdossat.com\/wp-content\/uploads\/2025\/01\/LOCATION-DE-VEHICULES-8-2048x1024.png 2048w, https:\/\/transportsdossat.com\/wp-content\/uploads\/2025\/01\/LOCATION-DE-VEHICULES-8-1320x660.png 1320w, https:\/\/transportsdossat.com\/wp-content\/uploads\/2025\/01\/LOCATION-DE-VEHICULES-8-600x300.png 600w\" sizes=\"(max-width: 1024px) 100vw, 1024px\" data-attachment-id=\"417\" data-permalink=\"https:\/\/transportsdossat.com\/?attachment_id=417\" data-orig-file=\"https:\/\/transportsdossat.com\/wp-content\/uploads\/2025\/01\/LOCATION-DE-VEHICULES-8.png\" data-orig-size=\"6912,3456\" data-comments-opened=\"1\" data-image-meta=\"{&quot;aperture&quot;:&quot;0&quot;,&quot;credit&quot;:&quot;&quot;,&quot;camera&quot;:&quot;&quot;,&quot;caption&quot;:&quot;&quot;,&quot;created_timestamp&quot;:&quot;0&quot;,&quot;copyright&quot;:&quot;&quot;,&quot;focal_length&quot;:&quot;0&quot;,&quot;iso&quot;:&quot;0&quot;,&quot;shutter_speed&quot;:&quot;0&quot;,&quot;title&quot;:&quot;&quot;,&quot;orientation&quot;:&quot;0&quot;}\" data-image-title=\"LOCATION DE VE\u0301HICULES (8)\" data-image-description=\"&lt;p&gt;Transports scolaires&lt;\/p&gt;\n\" data-image-caption=\"&lt;p&gt;Transports scolaires&lt;\/p&gt;\n\" data-large-file=\"https:\/\/transportsdossat.com\/wp-content\/uploads\/2025\/01\/LOCATION-DE-VEHICULES-8-1024x512.png\" \/>\t\t\t\t\t\t\t\t<\/a>\n\t\t\t\t\t\t\t\t\t\t\t\t\t\t\t<\/div>\n\t\t\t\t<\/div>\n\t\t\t\t\t<\/div>\n\t\t\t\t<\/div>\n\t\t<div class=\"elementor-element elementor-element-269a5df e-flex e-con-boxed e-con e-parent\" data-id=\"269a5df\" data-element_type=\"container\" data-e-type=\"container\">\n\t\t\t\t\t<div class=\"e-con-inner\">\n\t\t\t\t<div class=\"elementor-element elementor-element-3b2909b elementor-align-center elementor-widget__width-initial elementor-widget elementor-widget-button\" data-id=\"3b2909b\" data-element_type=\"widget\" data-e-type=\"widget\" data-widget_type=\"button.default\">\n\t\t\t\t<div class=\"elementor-widget-container\">\n\t\t\t\t\t\t\t\t\t<div class=\"elementor-button-wrapper\">\n\t\t\t\t\t<a class=\"elementor-button elementor-button-link elementor-size-sm\" href=\"https:\/\/transportsdossat.com\/?page_id=114\">\n\t\t\t\t\t\t<span class=\"elementor-button-content-wrapper\">\n\t\t\t\t\t\t\t\t\t<span class=\"elementor-button-text\">JE VOUDRAIS DES INFORMATIONS<\/span>\n\t\t\t\t\t<\/span>\n\t\t\t\t\t<\/a>\n\t\t\t\t<\/div>\n\t\t\t\t\t\t\t\t<\/div>\n\t\t\t\t<\/div>\n\t\t\t\t\t<\/div>\n\t\t\t\t<\/div>\n\t\t<div class=\"elementor-element elementor-element-fe8c76d e-flex e-con-boxed e-con e-parent\" data-id=\"fe8c76d\" data-element_type=\"container\" data-e-type=\"container\">\n\t\t\t\t\t<div class=\"e-con-inner\">\n\t\t\t\t<div class=\"elementor-element elementor-element-0b01604 elementor-widget elementor-widget-spacer\" data-id=\"0b01604\" data-element_type=\"widget\" data-e-type=\"widget\" data-widget_type=\"spacer.default\">\n\t\t\t\t<div class=\"elementor-widget-container\">\n\t\t\t\t\t\t\t<div class=\"elementor-spacer\">\n\t\t\t<div class=\"elementor-spacer-inner\"><\/div>\n\t\t<\/div>\n\t\t\t\t\t\t<\/div>\n\t\t\t\t<\/div>\n\t\t\t\t\t<\/div>\n\t\t\t\t<\/div>\n\t\t<div class=\"elementor-element elementor-element-1ea1f6f e-flex e-con-boxed e-con e-parent\" data-id=\"1ea1f6f\" data-element_type=\"container\" data-e-type=\"container\">\n\t\t\t\t\t<div class=\"e-con-inner\">\n\t\t\t\t<div class=\"elementor-element elementor-element-8c7f16f elementor-widget elementor-widget-text-editor\" data-id=\"8c7f16f\" data-element_type=\"widget\" data-e-type=\"widget\" data-widget_type=\"text-editor.default\">\n\t\t\t\t<div class=\"elementor-widget-container\">\n\t\t\t\t\t\t\t\t\t<h4><strong><u>Transport scolaire avec la SARL Dossat<\/u><\/strong><\/h4>\n<p>Assurez des trajets s\u00fbrs et confortables pour vos enfants avec le service de transport scolaire de la SARL Dossat. Depuis Castelnau-Magnoac, nous accompagnons quotidiennement les \u00e9l\u00e8ves avec professionnalisme et fiabilit\u00e9.<\/p>\n<p><strong>\ud83d\udd12 S\u00e9curit\u00e9 avant tout<\/strong> : Nos v\u00e9hicules sont r\u00e9guli\u00e8rement contr\u00f4l\u00e9s et \u00e9quip\u00e9s pour garantir la s\u00e9curit\u00e9 des enfants.<\/p>\n<p><strong>\u23f0 Ponctualit\u00e9 et organisation<\/strong> : Nous assurons des horaires pr\u00e9cis pour des trajets sans stress, aussi bien pour les familles que pour les \u00e9tablissements scolaires.<\/p>\n<p><strong>\ud83e\udd1d\ud83c\udffc Proximit\u00e9 et confiance<\/strong> : En tant qu\u2019entreprise familiale, nous mettons un point d\u2019honneur \u00e0 offrir un service humain et attentionn\u00e9.<\/p>\n<p>Pour en savoir plus ou inscrire vos enfants \u00e0 notre service de transport scolaire, <a href=\"https:\/\/transportsdossat.com\/?page_id=114\"><strong><em>contactez-nous d\u00e8s maintenant. <\/em><\/strong><\/a><\/p>\n<p>Avec la SARL Dossat, les trajets deviennent simples et sereins !<\/p>\t\t\t\t\t\t\t\t<\/div>\n\t\t\t\t<\/div>\n\t\t\t\t\t<\/div>\n\t\t\t\t<\/div>\n\t\t\t\t<\/div>\n\t\t","protected":false},"excerpt":{"rendered":"<p>Transports scolaires &lt;a href=\u00a0\u00bbhttps:\/\/transportsdossat.com\/nous-contacter\/\u00a0\u00bb&gt; &lt;img width=\u00a0\u00bb1024&Prime; height=\u00a0\u00bb512&Prime; src=\u00a0\u00bbhttps:\/\/transportsdossat.com\/wp-content\/uploads\/2025\/01\/LOCATION-DE-VEHICULES-8-1024&#215;512.png\u00a0\u00bb alt=\u00a0\u00bbTransports scolaires\u00a0\u00bb srcset=\u00a0\u00bbhttps:\/\/transportsdossat.com\/wp-content\/uploads\/2025\/01\/LOCATION-DE-VEHICULES-8-1024&#215;512.png 1024w, <a href=\"https:\/\/transportsdossat.com\/wp-content\/uploads\/2025\/01\/LOCATION-DE-VEHICULES-8-300&#215;150.png\">https:\/\/transportsdossat.com\/wp-content\/uploads\/2025\/01\/LOCATION-DE-VEHICULES-8-300&#215;150.png<\/a> 300w, <a href=\"https:\/\/transportsdossat.com\/wp-content\/uploads\/2025\/01\/LOCATION-DE-VEHICULES-8-768&#215;384.png\">https:\/\/transportsdossat.com\/wp-content\/uploads\/2025\/01\/LOCATION-DE-VEHICULES-8-768&#215;384.png<\/a> 768w, <a href=\"https:\/\/transportsdossat.com\/wp-content\/uploads\/2025\/01\/LOCATION-DE-VEHICULES-8-1536&#215;768.png\">https:\/\/transportsdossat.com\/wp-content\/uploads\/2025\/01\/LOCATION-DE-VEHICULES-8-1536&#215;768.png<\/a> 1536w, <a href=\"https:\/\/transportsdossat.com\/wp-content\/uploads\/2025\/01\/LOCATION-DE-VEHICULES-8-2048&#215;1024.png\">https:\/\/transportsdossat.com\/wp-content\/uploads\/2025\/01\/LOCATION-DE-VEHICULES-8-2048&#215;1024.png<\/a> 2048w, [&hellip;]<\/p>\n","protected":false},"author":260684300,"featured_media":0,"parent":0,"menu_order":0,"comment_status":"closed","ping_status":"closed","template":"","meta":{"_crdt_document":"","site-sidebar-layout":"default","site-content-layout":"","ast-site-content-layout":"default","site-content-style":"default","site-sidebar-style":"default","ast-global-header-display":"","ast-banner-title-visibility":"","ast-main-header-display":"","ast-hfb-above-header-display":"","ast-hfb-below-header-display":"","ast-hfb-mobile-header-display":"","site-post-title":"","ast-breadcrumbs-content":"","ast-featured-img":"","footer-sml-layout":"","ast-disable-related-posts":"","theme-transparent-header-meta":"","adv-header-id-meta":"","stick-header-meta":"","header-above-stick-meta":"","header-main-stick-meta":"","header-below-stick-meta":"","astra-migrate-meta-layouts":"default","ast-page-background-enabled":"default","ast-page-background-meta":{"desktop":{"background-color":"var(--ast-global-color-5)","background-image":"","background-repeat":"repeat","background-position":"center center","background-size":"auto","background-attachment":"scroll","background-type":"","background-media":"","overlay-type":"","overlay-color":"","overlay-opacity":"","overlay-gradient":""},"tablet":{"background-color":"","background-image":"","background-repeat":"repeat","background-position":"center center","background-size":"auto","background-attachment":"scroll","background-type":"","background-media":"","overlay-type":"","overlay-color":"","overlay-opacity":"","overlay-gradient":""},"mobile":{"background-color":"","background-image":"","background-repeat":"repeat","background-position":"center center","background-size":"auto","background-attachment":"scroll","background-type":"","background-media":"","overlay-type":"","overlay-color":"","overlay-opacity":"","overlay-gradient":""}},"ast-content-background-meta":{"desktop":{"background-color":"var(--ast-global-color-4)","background-image":"","background-repeat":"repeat","background-position":"center center","background-size":"auto","background-attachment":"scroll","background-type":"","background-media":"","overlay-type":"","overlay-color":"","overlay-opacity":"","overlay-gradient":""},"tablet":{"background-color":"var(--ast-global-color-4)","background-image":"","background-repeat":"repeat","background-position":"center center","background-size":"auto","background-attachment":"scroll","background-type":"","background-media":"","overlay-type":"","overlay-color":"","overlay-opacity":"","overlay-gradient":""},"mobile":{"background-color":"var(--ast-global-color-4)","background-image":"","background-repeat":"repeat","background-position":"center center","background-size":"auto","background-attachment":"scroll","background-type":"","background-media":"","overlay-type":"","overlay-color":"","overlay-opacity":"","overlay-gradient":""}},"advanced_seo_description":"","jetpack_seo_html_title":"","jetpack_seo_noindex":false,"footnotes":""},"class_list":["post-99","page","type-page","status-publish","hentry"],"jetpack_sharing_enabled":true,"jetpack_likes_enabled":true,"jetpack_shortlink":"https:\/\/wp.me\/PghPof-1B","_links":{"self":[{"href":"https:\/\/transportsdossat.com\/index.php?rest_route=\/wp\/v2\/pages\/99","targetHints":{"allow":["GET"]}}],"collection":[{"href":"https:\/\/transportsdossat.com\/index.php?rest_route=\/wp\/v2\/pages"}],"about":[{"href":"https:\/\/transportsdossat.com\/index.php?rest_route=\/wp\/v2\/types\/page"}],"author":[{"embeddable":true,"href":"https:\/\/transportsdossat.com\/index.php?rest_route=\/wp\/v2\/users\/260684300"}],"replies":[{"embeddable":true,"href":"https:\/\/transportsdossat.com\/index.php?rest_route=%2Fwp%2Fv2%2Fcomments&post=99"}],"version-history":[{"count":31,"href":"https:\/\/transportsdossat.com\/index.php?rest_route=\/wp\/v2\/pages\/99\/revisions"}],"predecessor-version":[{"id":680,"href":"https:\/\/transportsdossat.com\/index.php?rest_route=\/wp\/v2\/pages\/99\/revisions\/680"}],"wp:attachment":[{"href":"https:\/\/transportsdossat.com\/index.php?rest_route=%2Fwp%2Fv2%2Fmedia&parent=99"}],"curies":[{"name":"wp","href":"https:\/\/api.w.org\/{rel}","templated":true}]}}