{"id":71,"date":"2025-01-13T14:59:40","date_gmt":"2025-01-13T13:59:40","guid":{"rendered":"https:\/\/transportsdossat.com\/?page_id=71"},"modified":"2025-02-04T14:29:03","modified_gmt":"2025-02-04T13:29:03","slug":"nous","status":"publish","type":"page","link":"https:\/\/transportsdossat.com\/?page_id=71","title":{"rendered":"Notre histoire"},"content":{"rendered":"\t\t<div data-elementor-type=\"wp-page\" data-elementor-id=\"71\" class=\"elementor elementor-71\">\n\t\t\t\t<div class=\"elementor-element elementor-element-f5df731 e-flex e-con-boxed e-con e-parent\" data-id=\"f5df731\" data-element_type=\"container\" data-e-type=\"container\">\n\t\t\t\t\t<div class=\"e-con-inner\">\n\t\t\t\t<div class=\"elementor-element elementor-element-301ab87 elementor-widget elementor-widget-heading\" data-id=\"301ab87\" data-element_type=\"widget\" data-e-type=\"widget\" data-widget_type=\"heading.default\">\n\t\t\t\t<div class=\"elementor-widget-container\">\n\t\t\t\t\t<h2 class=\"elementor-heading-title elementor-size-default\">Qui sommes-nous ?<\/h2>\t\t\t\t<\/div>\n\t\t\t\t<\/div>\n\t\t\t\t\t<\/div>\n\t\t\t\t<\/div>\n\t\t<div class=\"elementor-element elementor-element-fa49c14 e-con-full e-flex e-con e-parent\" data-id=\"fa49c14\" data-element_type=\"container\" data-e-type=\"container\">\n\t\t<div class=\"elementor-element elementor-element-f0ceb2e e-con-full e-flex e-con e-child\" data-id=\"f0ceb2e\" data-element_type=\"container\" data-e-type=\"container\">\n\t\t\t\t<div class=\"elementor-element elementor-element-ea17735 elementor-widget elementor-widget-text-editor\" data-id=\"ea17735\" data-element_type=\"widget\" data-e-type=\"widget\" data-widget_type=\"text-editor.default\">\n\t\t\t\t<div class=\"elementor-widget-container\">\n\t\t\t\t\t\t\t\t\t<p>\u00a0<\/p><p>\u00a0<span style=\"font-weight: 400;\">Depuis 2008, nous, la SARL Dossat, sommes fiers de vous accompagner dans vos besoins en transport, location de v\u00e9hicules et organisation de sorties.<\/span><\/p><p><span style=\"font-weight: 400;\"> Fond\u00e9e par Christian Dossat et repris par Laurent et Marie-Laure Dossat, notre entreprise familiale repose sur des valeurs fortes : fiabilit\u00e9, proximit\u00e9 et \u00e9coute.<\/span><\/p>\t\t\t\t\t\t\t\t<\/div>\n\t\t\t\t<\/div>\n\t\t\t\t<\/div>\n\t\t<div class=\"elementor-element elementor-element-f12ca3f e-con-full e-flex e-con e-child\" data-id=\"f12ca3f\" data-element_type=\"container\" data-e-type=\"container\">\n\t\t\t\t<div class=\"elementor-element elementor-element-044ea79 elementor-widget elementor-widget-image\" data-id=\"044ea79\" data-element_type=\"widget\" data-e-type=\"widget\" data-widget_type=\"image.default\">\n\t\t\t\t<div class=\"elementor-widget-container\">\n\t\t\t\t\t\t\t\t\t\t\t\t\t\t\t<img fetchpriority=\"high\" decoding=\"async\" data-attachment-id=\"377\" data-permalink=\"https:\/\/transportsdossat.com\/?attachment_id=377\" data-orig-file=\"https:\/\/transportsdossat.com\/wp-content\/uploads\/2025\/01\/Design-sans-titre-31-1.png\" data-orig-size=\"1650,1275\" data-comments-opened=\"1\" data-image-meta=\"{&quot;aperture&quot;:&quot;0&quot;,&quot;credit&quot;:&quot;&quot;,&quot;camera&quot;:&quot;&quot;,&quot;caption&quot;:&quot;&quot;,&quot;created_timestamp&quot;:&quot;0&quot;,&quot;copyright&quot;:&quot;&quot;,&quot;focal_length&quot;:&quot;0&quot;,&quot;iso&quot;:&quot;0&quot;,&quot;shutter_speed&quot;:&quot;0&quot;,&quot;title&quot;:&quot;&quot;,&quot;orientation&quot;:&quot;0&quot;}\" data-image-title=\"Design sans titre (31)\" data-image-description=\"&lt;p&gt;photo \u00e9quipe sarl dossat&lt;\/p&gt;\n\" data-image-caption=\"&lt;p&gt;photo \u00e9quipe sarl dossat&lt;\/p&gt;\n\" data-large-file=\"https:\/\/transportsdossat.com\/wp-content\/uploads\/2025\/01\/Design-sans-titre-31-1-1024x791.png\" width=\"768\" height=\"593\" src=\"https:\/\/transportsdossat.com\/wp-content\/uploads\/2025\/01\/Design-sans-titre-31-1-768x593.png\" class=\"attachment-medium_large size-medium_large wp-image-377\" alt=\"photo \u00e9quipe sarl dossat\" srcset=\"https:\/\/transportsdossat.com\/wp-content\/uploads\/2025\/01\/Design-sans-titre-31-1-768x593.png 768w, https:\/\/transportsdossat.com\/wp-content\/uploads\/2025\/01\/Design-sans-titre-31-1-300x232.png 300w, https:\/\/transportsdossat.com\/wp-content\/uploads\/2025\/01\/Design-sans-titre-31-1-1024x791.png 1024w, https:\/\/transportsdossat.com\/wp-content\/uploads\/2025\/01\/Design-sans-titre-31-1-1536x1187.png 1536w, https:\/\/transportsdossat.com\/wp-content\/uploads\/2025\/01\/Design-sans-titre-31-1-1320x1020.png 1320w, https:\/\/transportsdossat.com\/wp-content\/uploads\/2025\/01\/Design-sans-titre-31-1-600x464.png 600w, https:\/\/transportsdossat.com\/wp-content\/uploads\/2025\/01\/Design-sans-titre-31-1.png 1650w\" sizes=\"(max-width: 768px) 100vw, 768px\" data-attachment-id=\"377\" data-permalink=\"https:\/\/transportsdossat.com\/?attachment_id=377\" data-orig-file=\"https:\/\/transportsdossat.com\/wp-content\/uploads\/2025\/01\/Design-sans-titre-31-1.png\" data-orig-size=\"1650,1275\" data-comments-opened=\"1\" data-image-meta=\"{&quot;aperture&quot;:&quot;0&quot;,&quot;credit&quot;:&quot;&quot;,&quot;camera&quot;:&quot;&quot;,&quot;caption&quot;:&quot;&quot;,&quot;created_timestamp&quot;:&quot;0&quot;,&quot;copyright&quot;:&quot;&quot;,&quot;focal_length&quot;:&quot;0&quot;,&quot;iso&quot;:&quot;0&quot;,&quot;shutter_speed&quot;:&quot;0&quot;,&quot;title&quot;:&quot;&quot;,&quot;orientation&quot;:&quot;0&quot;}\" data-image-title=\"Design sans titre (31)\" data-image-description=\"&lt;p&gt;photo \u00e9quipe sarl dossat&lt;\/p&gt;\n\" data-image-caption=\"&lt;p&gt;photo \u00e9quipe sarl dossat&lt;\/p&gt;\n\" data-large-file=\"https:\/\/transportsdossat.com\/wp-content\/uploads\/2025\/01\/Design-sans-titre-31-1-1024x791.png\" \/>\t\t\t\t\t\t\t\t\t\t\t\t\t\t\t<\/div>\n\t\t\t\t<\/div>\n\t\t\t\t<\/div>\n\t\t\t\t<\/div>\n\t\t<div class=\"elementor-element elementor-element-2b01bfb e-flex e-con-boxed e-con e-parent\" data-id=\"2b01bfb\" data-element_type=\"container\" data-e-type=\"container\">\n\t\t\t\t\t<div class=\"e-con-inner\">\n\t\t\t\t<div class=\"elementor-element elementor-element-412bd89 elementor-widget elementor-widget-heading\" data-id=\"412bd89\" data-element_type=\"widget\" data-e-type=\"widget\" data-widget_type=\"heading.default\">\n\t\t\t\t<div class=\"elementor-widget-container\">\n\t\t\t\t\t<h2 class=\"elementor-heading-title elementor-size-default\">Notre histoire<\/h2>\t\t\t\t<\/div>\n\t\t\t\t<\/div>\n\t\t\t\t\t<\/div>\n\t\t\t\t<\/div>\n\t\t<div class=\"elementor-element elementor-element-8c10bd6 e-con-full e-flex e-con e-parent\" data-id=\"8c10bd6\" data-element_type=\"container\" data-e-type=\"container\">\n\t\t<div class=\"elementor-element elementor-element-a1e3f65 e-con-full e-flex e-con e-child\" data-id=\"a1e3f65\" data-element_type=\"container\" data-e-type=\"container\">\n\t\t\t\t<div class=\"elementor-element elementor-element-2a8b14d elementor-widget elementor-widget-image\" data-id=\"2a8b14d\" data-element_type=\"widget\" data-e-type=\"widget\" data-widget_type=\"image.default\">\n\t\t\t\t<div class=\"elementor-widget-container\">\n\t\t\t\t\t\t\t\t\t\t\t\t\t\t\t<img decoding=\"async\" data-attachment-id=\"372\" data-permalink=\"https:\/\/transportsdossat.com\/?attachment_id=372\" data-orig-file=\"https:\/\/transportsdossat.com\/wp-content\/uploads\/2025\/01\/PHOTO-2025-01-04-08-54-11-2.jpg\" data-orig-size=\"1496,1000\" data-comments-opened=\"1\" data-image-meta=\"{&quot;aperture&quot;:&quot;0&quot;,&quot;credit&quot;:&quot;&quot;,&quot;camera&quot;:&quot;&quot;,&quot;caption&quot;:&quot;&quot;,&quot;created_timestamp&quot;:&quot;0&quot;,&quot;copyright&quot;:&quot;&quot;,&quot;focal_length&quot;:&quot;0&quot;,&quot;iso&quot;:&quot;0&quot;,&quot;shutter_speed&quot;:&quot;0&quot;,&quot;title&quot;:&quot;&quot;,&quot;orientation&quot;:&quot;0&quot;}\" data-image-title=\"PHOTO-2025-01-04-08-54-11 (2)\" data-image-description=\"&lt;p&gt;photo \u00e9quipe sarl dossat&lt;\/p&gt;\n\" data-image-caption=\"&lt;p&gt;photo \u00e9quipe sarl dossat&lt;\/p&gt;\n\" data-large-file=\"https:\/\/transportsdossat.com\/wp-content\/uploads\/2025\/01\/PHOTO-2025-01-04-08-54-11-2-1024x684.jpg\" width=\"1024\" height=\"684\" src=\"https:\/\/transportsdossat.com\/wp-content\/uploads\/2025\/01\/PHOTO-2025-01-04-08-54-11-2-1024x684.jpg\" class=\"attachment-large size-large wp-image-372\" alt=\"photo \u00e9quipe sarl dossat\" srcset=\"https:\/\/transportsdossat.com\/wp-content\/uploads\/2025\/01\/PHOTO-2025-01-04-08-54-11-2-1024x684.jpg 1024w, https:\/\/transportsdossat.com\/wp-content\/uploads\/2025\/01\/PHOTO-2025-01-04-08-54-11-2-300x201.jpg 300w, https:\/\/transportsdossat.com\/wp-content\/uploads\/2025\/01\/PHOTO-2025-01-04-08-54-11-2-768x513.jpg 768w, https:\/\/transportsdossat.com\/wp-content\/uploads\/2025\/01\/PHOTO-2025-01-04-08-54-11-2-1320x882.jpg 1320w, https:\/\/transportsdossat.com\/wp-content\/uploads\/2025\/01\/PHOTO-2025-01-04-08-54-11-2-600x401.jpg 600w, https:\/\/transportsdossat.com\/wp-content\/uploads\/2025\/01\/PHOTO-2025-01-04-08-54-11-2.jpg 1496w\" sizes=\"(max-width: 1024px) 100vw, 1024px\" data-attachment-id=\"372\" data-permalink=\"https:\/\/transportsdossat.com\/?attachment_id=372\" data-orig-file=\"https:\/\/transportsdossat.com\/wp-content\/uploads\/2025\/01\/PHOTO-2025-01-04-08-54-11-2.jpg\" data-orig-size=\"1496,1000\" data-comments-opened=\"1\" data-image-meta=\"{&quot;aperture&quot;:&quot;0&quot;,&quot;credit&quot;:&quot;&quot;,&quot;camera&quot;:&quot;&quot;,&quot;caption&quot;:&quot;&quot;,&quot;created_timestamp&quot;:&quot;0&quot;,&quot;copyright&quot;:&quot;&quot;,&quot;focal_length&quot;:&quot;0&quot;,&quot;iso&quot;:&quot;0&quot;,&quot;shutter_speed&quot;:&quot;0&quot;,&quot;title&quot;:&quot;&quot;,&quot;orientation&quot;:&quot;0&quot;}\" data-image-title=\"PHOTO-2025-01-04-08-54-11 (2)\" data-image-description=\"&lt;p&gt;photo \u00e9quipe sarl dossat&lt;\/p&gt;\n\" data-image-caption=\"&lt;p&gt;photo \u00e9quipe sarl dossat&lt;\/p&gt;\n\" data-large-file=\"https:\/\/transportsdossat.com\/wp-content\/uploads\/2025\/01\/PHOTO-2025-01-04-08-54-11-2-1024x684.jpg\" \/>\t\t\t\t\t\t\t\t\t\t\t\t\t\t\t<\/div>\n\t\t\t\t<\/div>\n\t\t\t\t<\/div>\n\t\t<div class=\"elementor-element elementor-element-e6f0919 e-con-full e-flex e-con e-child\" data-id=\"e6f0919\" data-element_type=\"container\" data-e-type=\"container\">\n\t\t\t\t<div class=\"elementor-element elementor-element-d1d2cde elementor-widget__width-initial elementor-widget elementor-widget-text-editor\" data-id=\"d1d2cde\" data-element_type=\"widget\" data-e-type=\"widget\" data-widget_type=\"text-editor.default\">\n\t\t\t\t<div class=\"elementor-widget-container\">\n\t\t\t\t\t\t\t\t\t<p><span style=\"font-weight: 400;\">Tout a commenc\u00e9 \u00e0 Castelnau-Magnoac, o\u00f9 nous avons souhait\u00e9\u00a0<\/span><span style=\"font-weight: 400;\">r\u00e9pondre \u00e0 un besoin croissant de solutions de transport adapt\u00e9es\u00a0<\/span><span style=\"font-weight: 400;\">et personnalis\u00e9es.\u00a0<\/span><\/p><p><span style=\"font-weight: 400;\">Avec une \u00e9quipe d\u00e9vou\u00e9e et des \u00e9quipements modernes, nous avons\u00a0<\/span><span style=\"font-weight: 400;\">progressivement \u00e9largi nos services pour r\u00e9pondre aux attentes vari\u00e9es <\/span><span style=\"font-weight: 400;\">de nos clients. <\/span><\/p><p><span style=\"font-weight: 400;\">Aujourd\u2019hui, notre expertise s\u2019\u00e9tend bien au-del\u00e0 de la\u00a0<\/span><span style=\"font-weight: 400;\">simple prestation, en proposant des solutions globales qui s\u2019adaptent<\/span><span style=\"font-weight: 400;\">\u00a0\u00e0 vos projets, qu\u2019ils soient personnels ou professionnels.<\/span><\/p>\t\t\t\t\t\t\t\t<\/div>\n\t\t\t\t<\/div>\n\t\t\t\t<\/div>\n\t\t\t\t<\/div>\n\t\t<div class=\"elementor-element elementor-element-efe08ff e-flex e-con-boxed e-con e-parent\" data-id=\"efe08ff\" data-element_type=\"container\" data-e-type=\"container\">\n\t\t\t\t\t<div class=\"e-con-inner\">\n\t\t\t\t<div class=\"elementor-element elementor-element-4d472e1 elementor-widget elementor-widget-heading\" data-id=\"4d472e1\" data-element_type=\"widget\" data-e-type=\"widget\" data-widget_type=\"heading.default\">\n\t\t\t\t<div class=\"elementor-widget-container\">\n\t\t\t\t\t<h2 class=\"elementor-heading-title elementor-size-default\">Nos services <\/h2>\t\t\t\t<\/div>\n\t\t\t\t<\/div>\n\t\t\t\t\t<\/div>\n\t\t\t\t<\/div>\n\t\t<div class=\"elementor-element elementor-element-9b89bce e-flex e-con-boxed e-con e-parent\" data-id=\"9b89bce\" data-element_type=\"container\" data-e-type=\"container\">\n\t\t\t\t\t<div class=\"e-con-inner\">\n\t\t\t\t<div class=\"elementor-element elementor-element-e722f35 elementor-widget elementor-widget-text-editor\" data-id=\"e722f35\" data-element_type=\"widget\" data-e-type=\"widget\" data-widget_type=\"text-editor.default\">\n\t\t\t\t<div class=\"elementor-widget-container\">\n\t\t\t\t\t\t\t\t\t<p><strong>\ud83d\ude8c Transport occasionnel sur mesure<\/strong> : Que ce soit pour un mariage, un s\u00e9minaire, une sortie en groupe ou un \u00e9v\u00e9nement familial, nous vous proposons des solutions personnalis\u00e9es, adapt\u00e9es \u00e0 vos besoins sp\u00e9cifiques pour des trajets ponctuels.<\/p><p><b>\ud83c\udf0d Organisation de sorties touristiques<\/b><span style=\"font-weight: 400;\"> : Passionn\u00e9s par les moments de partage et de convivialit\u00e9, nous organisons vos d\u00e9placements pour des journ\u00e9es et s\u00e9jours sur mesure. Que ce soit pour assister \u00e0 des \u00e9v\u00e9nements embl\u00e9matiques, comme un match de rugby, ou pour d\u00e9couvrir des destinations touristiques, nos sorties sont pens\u00e9es pour simplifier votre voyage et vous permettre de profiter pleinement de chaque instant.<\/span><\/p><p><span style=\"font-weight: 400;\"><strong>\ud83d\ude8d Transport sur Tarbes<\/strong> : Disponible uniquement les jeudis et samedis, nous proposons des trajets pratiques et \u00e9conomiques pour seulement 2 euros, afin de faciliter vos d\u00e9placements dans la r\u00e9gion.<\/span><\/p><p><b>\ud83d\ude97 Location de v\u00e9hicules<\/b><span style=\"font-weight: 400;\"> : Vous avez besoin d\u2019une voiture, d\u2019un minibus ou d\u2019un utilitaire ? Nous mettons \u00e0 votre disposition une flotte vari\u00e9e et bien entretenue, id\u00e9ale pour r\u00e9pondre \u00e0 vos besoins, qu\u2019il s\u2019agisse d\u2019un d\u00e9m\u00e9nagement, d\u2019un voyage en famille ou d\u2019un projet professionnel.<\/span><\/p><p><b>\ud83c\udf92Transports scolaires<\/b><span style=\"font-weight: 400;\"> : Chaque jour, nous transportons des \u00e9l\u00e8ves en toute s\u00e9curit\u00e9, dans des v\u00e9hicules entretenus avec soin. La s\u00e9curit\u00e9 et le confort des enfants sont au c\u0153ur de nos priorit\u00e9s, et nous travaillons \u00e9troitement avec les collectivit\u00e9s locales pour offrir un service irr\u00e9prochable.<\/span><\/p>\t\t\t\t\t\t\t\t<\/div>\n\t\t\t\t<\/div>\n\t\t\t\t\t<\/div>\n\t\t\t\t<\/div>\n\t\t<div class=\"elementor-element elementor-element-eb18825 e-flex e-con-boxed e-con e-parent\" data-id=\"eb18825\" data-element_type=\"container\" data-e-type=\"container\">\n\t\t\t\t\t<div class=\"e-con-inner\">\n\t\t\t\t<div class=\"elementor-element elementor-element-33eaca0 elementor-widget elementor-widget-heading\" data-id=\"33eaca0\" data-element_type=\"widget\" data-e-type=\"widget\" data-widget_type=\"heading.default\">\n\t\t\t\t<div class=\"elementor-widget-container\">\n\t\t\t\t\t<h2 class=\"elementor-heading-title elementor-size-default\">Nos valeurs<\/h2>\t\t\t\t<\/div>\n\t\t\t\t<\/div>\n\t\t\t\t\t<\/div>\n\t\t\t\t<\/div>\n\t\t<div class=\"elementor-element elementor-element-a77813f e-flex e-con-boxed e-con e-parent\" data-id=\"a77813f\" data-element_type=\"container\" data-e-type=\"container\">\n\t\t\t\t\t<div class=\"e-con-inner\">\n\t\t\t\t<div class=\"elementor-element elementor-element-1abe7fb elementor-widget elementor-widget-text-editor\" data-id=\"1abe7fb\" data-element_type=\"widget\" data-e-type=\"widget\" data-widget_type=\"text-editor.default\">\n\t\t\t\t<div class=\"elementor-widget-container\">\n\t\t\t\t\t\t\t\t\t<p><span style=\"font-weight: 400;\">Ce qui nous distingue, c\u2019est notre engagement \u00e0 rester proches de vous. Nous savons que chaque projet est unique, et c\u2019est pourquoi nous prenons le temps de comprendre vos besoins et de vous proposer des solutions sur mesure. Notre \u00e9quipe, dynamique et bienveillante, veille \u00e0 ce que chaque service soit \u00e0 la hauteur de vos attentes.<\/span><\/p>\t\t\t\t\t\t\t\t<\/div>\n\t\t\t\t<\/div>\n\t\t\t\t\t<\/div>\n\t\t\t\t<\/div>\n\t\t<div class=\"elementor-element elementor-element-9601d31 e-flex e-con-boxed e-con e-parent\" data-id=\"9601d31\" data-element_type=\"container\" data-e-type=\"container\">\n\t\t\t\t\t<div class=\"e-con-inner\">\n\t\t\t\t<div class=\"elementor-element elementor-element-8ba812f elementor-widget elementor-widget-heading\" data-id=\"8ba812f\" data-element_type=\"widget\" data-e-type=\"widget\" data-widget_type=\"heading.default\">\n\t\t\t\t<div class=\"elementor-widget-container\">\n\t\t\t\t\t<h3 class=\"elementor-heading-title elementor-size-default\">Pourquoi nous choisir ?<\/h3>\t\t\t\t<\/div>\n\t\t\t\t<\/div>\n\t\t\t\t\t<\/div>\n\t\t\t\t<\/div>\n\t\t<div class=\"elementor-element elementor-element-8e17380 e-flex e-con-boxed e-con e-parent\" data-id=\"8e17380\" data-element_type=\"container\" data-e-type=\"container\">\n\t\t\t\t\t<div class=\"e-con-inner\">\n\t\t\t\t<div class=\"elementor-element elementor-element-52aada1 elementor-widget elementor-widget-image\" data-id=\"52aada1\" data-element_type=\"widget\" data-e-type=\"widget\" data-widget_type=\"image.default\">\n\t\t\t\t<div class=\"elementor-widget-container\">\n\t\t\t\t\t\t\t\t\t\t\t\t\t\t\t<img decoding=\"async\" data-attachment-id=\"634\" data-permalink=\"https:\/\/transportsdossat.com\/?attachment_id=634\" data-orig-file=\"https:\/\/transportsdossat.com\/wp-content\/uploads\/2025\/02\/Capture-decran-2025-02-04-a-14.23.56.png\" data-orig-size=\"2680,672\" data-comments-opened=\"1\" data-image-meta=\"{&quot;aperture&quot;:&quot;0&quot;,&quot;credit&quot;:&quot;&quot;,&quot;camera&quot;:&quot;&quot;,&quot;caption&quot;:&quot;&quot;,&quot;created_timestamp&quot;:&quot;0&quot;,&quot;copyright&quot;:&quot;&quot;,&quot;focal_length&quot;:&quot;0&quot;,&quot;iso&quot;:&quot;0&quot;,&quot;shutter_speed&quot;:&quot;0&quot;,&quot;title&quot;:&quot;&quot;,&quot;orientation&quot;:&quot;0&quot;}\" data-image-title=\"Capture d\u2019e\u0301cran 2025-02-04 a\u0300 14.23.56\" data-image-description=\"&lt;p&gt;bandeau de nos valeurs&lt;\/p&gt;\n\" data-image-caption=\"&lt;p&gt;bandeau de nos valeurs &lt;\/p&gt;\n\" data-large-file=\"https:\/\/transportsdossat.com\/wp-content\/uploads\/2025\/02\/Capture-decran-2025-02-04-a-14.23.56-1024x257.png\" width=\"1024\" height=\"257\" src=\"https:\/\/transportsdossat.com\/wp-content\/uploads\/2025\/02\/Capture-decran-2025-02-04-a-14.23.56-1024x257.png\" class=\"attachment-large size-large wp-image-634\" alt=\"bandeau de nos valeurs\" srcset=\"https:\/\/transportsdossat.com\/wp-content\/uploads\/2025\/02\/Capture-decran-2025-02-04-a-14.23.56-1024x257.png 1024w, https:\/\/transportsdossat.com\/wp-content\/uploads\/2025\/02\/Capture-decran-2025-02-04-a-14.23.56-300x75.png 300w, https:\/\/transportsdossat.com\/wp-content\/uploads\/2025\/02\/Capture-decran-2025-02-04-a-14.23.56-768x193.png 768w, https:\/\/transportsdossat.com\/wp-content\/uploads\/2025\/02\/Capture-decran-2025-02-04-a-14.23.56-1536x385.png 1536w, https:\/\/transportsdossat.com\/wp-content\/uploads\/2025\/02\/Capture-decran-2025-02-04-a-14.23.56-2048x514.png 2048w, https:\/\/transportsdossat.com\/wp-content\/uploads\/2025\/02\/Capture-decran-2025-02-04-a-14.23.56-1320x331.png 1320w, https:\/\/transportsdossat.com\/wp-content\/uploads\/2025\/02\/Capture-decran-2025-02-04-a-14.23.56-600x150.png 600w\" sizes=\"(max-width: 1024px) 100vw, 1024px\" data-attachment-id=\"634\" data-permalink=\"https:\/\/transportsdossat.com\/?attachment_id=634\" data-orig-file=\"https:\/\/transportsdossat.com\/wp-content\/uploads\/2025\/02\/Capture-decran-2025-02-04-a-14.23.56.png\" data-orig-size=\"2680,672\" data-comments-opened=\"1\" data-image-meta=\"{&quot;aperture&quot;:&quot;0&quot;,&quot;credit&quot;:&quot;&quot;,&quot;camera&quot;:&quot;&quot;,&quot;caption&quot;:&quot;&quot;,&quot;created_timestamp&quot;:&quot;0&quot;,&quot;copyright&quot;:&quot;&quot;,&quot;focal_length&quot;:&quot;0&quot;,&quot;iso&quot;:&quot;0&quot;,&quot;shutter_speed&quot;:&quot;0&quot;,&quot;title&quot;:&quot;&quot;,&quot;orientation&quot;:&quot;0&quot;}\" data-image-title=\"Capture d\u2019e\u0301cran 2025-02-04 a\u0300 14.23.56\" data-image-description=\"&lt;p&gt;bandeau de nos valeurs&lt;\/p&gt;\n\" data-image-caption=\"&lt;p&gt;bandeau de nos valeurs &lt;\/p&gt;\n\" data-large-file=\"https:\/\/transportsdossat.com\/wp-content\/uploads\/2025\/02\/Capture-decran-2025-02-04-a-14.23.56-1024x257.png\" \/>\t\t\t\t\t\t\t\t\t\t\t\t\t\t\t<\/div>\n\t\t\t\t<\/div>\n\t\t\t\t\t<\/div>\n\t\t\t\t<\/div>\n\t\t<div class=\"elementor-element elementor-element-59ea3f8 e-flex e-con-boxed e-con e-parent\" data-id=\"59ea3f8\" data-element_type=\"container\" data-e-type=\"container\">\n\t\t\t\t\t<div class=\"e-con-inner\">\n\t\t\t\t<div class=\"elementor-element elementor-element-cbd2085 elementor-widget elementor-widget-text-editor\" data-id=\"cbd2085\" data-element_type=\"widget\" data-e-type=\"widget\" data-widget_type=\"text-editor.default\">\n\t\t\t\t<div class=\"elementor-widget-container\">\n\t\t\t\t\t\t\t\t\t<p><span style=\"font-weight: 400;\">Chez la SARL Dossat, nous consid\u00e9rons chaque collaboration comme une opportunit\u00e9 de cr\u00e9er une relation de confiance et de r\u00e9pondre aux d\u00e9fis avec professionnalisme. Ensemble, avan\u00e7ons vers vos projets avec s\u00e9r\u00e9nit\u00e9 et efficacit\u00e9.<\/span><\/p>\t\t\t\t\t\t\t\t<\/div>\n\t\t\t\t<\/div>\n\t\t\t\t\t<\/div>\n\t\t\t\t<\/div>\n\t\t\t\t<\/div>\n\t\t","protected":false},"excerpt":{"rendered":"<p>Qui sommes-nous ? \u00a0 \u00a0Depuis 2008, nous, la SARL Dossat, sommes fiers de vous accompagner dans vos besoins en transport, [&hellip;]<\/p>\n","protected":false},"author":260684300,"featured_media":0,"parent":0,"menu_order":0,"comment_status":"closed","ping_status":"closed","template":"","meta":{"_crdt_document":"","site-sidebar-layout":"default","site-content-layout":"","ast-site-content-layout":"default","site-content-style":"default","site-sidebar-style":"default","ast-global-header-display":"","ast-banner-title-visibility":"","ast-main-header-display":"","ast-hfb-above-header-display":"","ast-hfb-below-header-display":"","ast-hfb-mobile-header-display":"","site-post-title":"","ast-breadcrumbs-content":"","ast-featured-img":"","footer-sml-layout":"","ast-disable-related-posts":"","theme-transparent-header-meta":"","adv-header-id-meta":"","stick-header-meta":"","header-above-stick-meta":"","header-main-stick-meta":"","header-below-stick-meta":"","astra-migrate-meta-layouts":"default","ast-page-background-enabled":"default","ast-page-background-meta":{"desktop":{"background-color":"var(--ast-global-color-5)","background-image":"","background-repeat":"repeat","background-position":"center center","background-size":"auto","background-attachment":"scroll","background-type":"","background-media":"","overlay-type":"","overlay-color":"","overlay-opacity":"","overlay-gradient":""},"tablet":{"background-color":"","background-image":"","background-repeat":"repeat","background-position":"center center","background-size":"auto","background-attachment":"scroll","background-type":"","background-media":"","overlay-type":"","overlay-color":"","overlay-opacity":"","overlay-gradient":""},"mobile":{"background-color":"","background-image":"","background-repeat":"repeat","background-position":"center center","background-size":"auto","background-attachment":"scroll","background-type":"","background-media":"","overlay-type":"","overlay-color":"","overlay-opacity":"","overlay-gradient":""}},"ast-content-background-meta":{"desktop":{"background-color":"var(--ast-global-color-4)","background-image":"","background-repeat":"repeat","background-position":"center center","background-size":"auto","background-attachment":"scroll","background-type":"","background-media":"","overlay-type":"","overlay-color":"","overlay-opacity":"","overlay-gradient":""},"tablet":{"background-color":"var(--ast-global-color-4)","background-image":"","background-repeat":"repeat","background-position":"center center","background-size":"auto","background-attachment":"scroll","background-type":"","background-media":"","overlay-type":"","overlay-color":"","overlay-opacity":"","overlay-gradient":""},"mobile":{"background-color":"var(--ast-global-color-4)","background-image":"","background-repeat":"repeat","background-position":"center center","background-size":"auto","background-attachment":"scroll","background-type":"","background-media":"","overlay-type":"","overlay-color":"","overlay-opacity":"","overlay-gradient":""}},"advanced_seo_description":"","jetpack_seo_html_title":"","jetpack_seo_noindex":false,"footnotes":""},"class_list":["post-71","page","type-page","status-publish","hentry"],"jetpack_sharing_enabled":true,"jetpack_likes_enabled":true,"jetpack_shortlink":"https:\/\/wp.me\/PghPof-19","_links":{"self":[{"href":"https:\/\/transportsdossat.com\/index.php?rest_route=\/wp\/v2\/pages\/71","targetHints":{"allow":["GET"]}}],"collection":[{"href":"https:\/\/transportsdossat.com\/index.php?rest_route=\/wp\/v2\/pages"}],"about":[{"href":"https:\/\/transportsdossat.com\/index.php?rest_route=\/wp\/v2\/types\/page"}],"author":[{"embeddable":true,"href":"https:\/\/transportsdossat.com\/index.php?rest_route=\/wp\/v2\/users\/260684300"}],"replies":[{"embeddable":true,"href":"https:\/\/transportsdossat.com\/index.php?rest_route=%2Fwp%2Fv2%2Fcomments&post=71"}],"version-history":[{"count":45,"href":"https:\/\/transportsdossat.com\/index.php?rest_route=\/wp\/v2\/pages\/71\/revisions"}],"predecessor-version":[{"id":637,"href":"https:\/\/transportsdossat.com\/index.php?rest_route=\/wp\/v2\/pages\/71\/revisions\/637"}],"wp:attachment":[{"href":"https:\/\/transportsdossat.com\/index.php?rest_route=%2Fwp%2Fv2%2Fmedia&parent=71"}],"curies":[{"name":"wp","href":"https:\/\/api.w.org\/{rel}","templated":true}]}}