{"id":507,"date":"2025-01-17T16:08:43","date_gmt":"2025-01-17T15:08:43","guid":{"rendered":"https:\/\/transportsdossat.com\/?page_id=507"},"modified":"2025-02-06T09:39:18","modified_gmt":"2025-02-06T08:39:18","slug":"transport-occasionnel-sur-mesure","status":"publish","type":"page","link":"https:\/\/transportsdossat.com\/?page_id=507","title":{"rendered":"Transport occasionnel sur mesure"},"content":{"rendered":"\t\t<div data-elementor-type=\"wp-page\" data-elementor-id=\"507\" class=\"elementor elementor-507\">\n\t\t\t\t<div class=\"elementor-element elementor-element-5b9b36f e-flex e-con-boxed e-con e-parent\" data-id=\"5b9b36f\" data-element_type=\"container\" data-e-type=\"container\">\n\t\t\t\t\t<div class=\"e-con-inner\">\n\t\t\t\t<div class=\"elementor-element elementor-element-d03664c elementor-widget elementor-widget-image\" data-id=\"d03664c\" data-element_type=\"widget\" data-e-type=\"widget\" data-widget_type=\"image.default\">\n\t\t\t\t<div class=\"elementor-widget-container\">\n\t\t\t\t\t\t\t\t\t\t\t\t\t\t\t<img fetchpriority=\"high\" decoding=\"async\" data-attachment-id=\"510\" data-permalink=\"https:\/\/transportsdossat.com\/?attachment_id=510\" data-orig-file=\"https:\/\/transportsdossat.com\/wp-content\/uploads\/2025\/01\/LOCATION-DE-VEHICULES-11.png\" data-orig-size=\"6912,3456\" data-comments-opened=\"1\" data-image-meta=\"{&quot;aperture&quot;:&quot;0&quot;,&quot;credit&quot;:&quot;&quot;,&quot;camera&quot;:&quot;&quot;,&quot;caption&quot;:&quot;&quot;,&quot;created_timestamp&quot;:&quot;0&quot;,&quot;copyright&quot;:&quot;&quot;,&quot;focal_length&quot;:&quot;0&quot;,&quot;iso&quot;:&quot;0&quot;,&quot;shutter_speed&quot;:&quot;0&quot;,&quot;title&quot;:&quot;&quot;,&quot;orientation&quot;:&quot;0&quot;}\" data-image-title=\"LOCATION DE VE\u0301HICULES (11)\" data-image-description=\"&lt;p&gt;BANNI\u00c8RE TRANSPORT OCCASIONNEL&lt;\/p&gt;\n\" data-image-caption=\"&lt;p&gt;BANNI\u00c8RE TRANSPORT OCCASIONNEL &lt;\/p&gt;\n\" data-large-file=\"https:\/\/transportsdossat.com\/wp-content\/uploads\/2025\/01\/LOCATION-DE-VEHICULES-11-1024x512.png\" width=\"1024\" height=\"512\" src=\"https:\/\/transportsdossat.com\/wp-content\/uploads\/2025\/01\/LOCATION-DE-VEHICULES-11-1024x512.png\" class=\"attachment-large size-large wp-image-510\" alt=\"BANNI\u00c8RE TRANSPORT OCCASIONNEL\" srcset=\"https:\/\/transportsdossat.com\/wp-content\/uploads\/2025\/01\/LOCATION-DE-VEHICULES-11-1024x512.png 1024w, https:\/\/transportsdossat.com\/wp-content\/uploads\/2025\/01\/LOCATION-DE-VEHICULES-11-300x150.png 300w, https:\/\/transportsdossat.com\/wp-content\/uploads\/2025\/01\/LOCATION-DE-VEHICULES-11-768x384.png 768w, https:\/\/transportsdossat.com\/wp-content\/uploads\/2025\/01\/LOCATION-DE-VEHICULES-11-1536x768.png 1536w, https:\/\/transportsdossat.com\/wp-content\/uploads\/2025\/01\/LOCATION-DE-VEHICULES-11-2048x1024.png 2048w, https:\/\/transportsdossat.com\/wp-content\/uploads\/2025\/01\/LOCATION-DE-VEHICULES-11-1320x660.png 1320w, https:\/\/transportsdossat.com\/wp-content\/uploads\/2025\/01\/LOCATION-DE-VEHICULES-11-600x300.png 600w\" sizes=\"(max-width: 1024px) 100vw, 1024px\" data-attachment-id=\"510\" data-permalink=\"https:\/\/transportsdossat.com\/?attachment_id=510\" data-orig-file=\"https:\/\/transportsdossat.com\/wp-content\/uploads\/2025\/01\/LOCATION-DE-VEHICULES-11.png\" data-orig-size=\"6912,3456\" data-comments-opened=\"1\" data-image-meta=\"{&quot;aperture&quot;:&quot;0&quot;,&quot;credit&quot;:&quot;&quot;,&quot;camera&quot;:&quot;&quot;,&quot;caption&quot;:&quot;&quot;,&quot;created_timestamp&quot;:&quot;0&quot;,&quot;copyright&quot;:&quot;&quot;,&quot;focal_length&quot;:&quot;0&quot;,&quot;iso&quot;:&quot;0&quot;,&quot;shutter_speed&quot;:&quot;0&quot;,&quot;title&quot;:&quot;&quot;,&quot;orientation&quot;:&quot;0&quot;}\" data-image-title=\"LOCATION DE VE\u0301HICULES (11)\" data-image-description=\"&lt;p&gt;BANNI\u00c8RE TRANSPORT OCCASIONNEL&lt;\/p&gt;\n\" data-image-caption=\"&lt;p&gt;BANNI\u00c8RE TRANSPORT OCCASIONNEL &lt;\/p&gt;\n\" data-large-file=\"https:\/\/transportsdossat.com\/wp-content\/uploads\/2025\/01\/LOCATION-DE-VEHICULES-11-1024x512.png\" \/>\t\t\t\t\t\t\t\t\t\t\t\t\t\t\t<\/div>\n\t\t\t\t<\/div>\n\t\t\t\t\t<\/div>\n\t\t\t\t<\/div>\n\t\t<div class=\"elementor-element elementor-element-b204959 e-flex e-con-boxed e-con e-parent\" data-id=\"b204959\" data-element_type=\"container\" data-e-type=\"container\">\n\t\t\t\t\t<div class=\"e-con-inner\">\n\t\t\t\t<div class=\"elementor-element elementor-element-c263aa3 elementor-align-center elementor-widget__width-initial elementor-widget elementor-widget-button\" data-id=\"c263aa3\" data-element_type=\"widget\" data-e-type=\"widget\" data-widget_type=\"button.default\">\n\t\t\t\t<div class=\"elementor-widget-container\">\n\t\t\t\t\t\t\t\t\t<div class=\"elementor-button-wrapper\">\n\t\t\t\t\t<a class=\"elementor-button elementor-button-link elementor-size-sm\" href=\"https:\/\/transportsdossat.com\/?page_id=114\">\n\t\t\t\t\t\t<span class=\"elementor-button-content-wrapper\">\n\t\t\t\t\t\t\t\t\t<span class=\"elementor-button-text\">JE VOUDRAIS DES INFORMATIONS<\/span>\n\t\t\t\t\t<\/span>\n\t\t\t\t\t<\/a>\n\t\t\t\t<\/div>\n\t\t\t\t\t\t\t\t<\/div>\n\t\t\t\t<\/div>\n\t\t\t\t\t<\/div>\n\t\t\t\t<\/div>\n\t\t<div class=\"elementor-element elementor-element-171a32b e-flex e-con-boxed e-con e-parent\" data-id=\"171a32b\" data-element_type=\"container\" data-e-type=\"container\">\n\t\t\t\t\t<div class=\"e-con-inner\">\n\t\t\t\t<div class=\"elementor-element elementor-element-3d8f200 elementor-widget elementor-widget-text-editor\" data-id=\"3d8f200\" data-element_type=\"widget\" data-e-type=\"widget\" data-widget_type=\"text-editor.default\">\n\t\t\t\t<div class=\"elementor-widget-container\">\n\t\t\t\t\t\t\t\t\t<h4><span style=\"text-decoration: underline;\"><strong>Transports occasionnels sur mesure avec la SARL Dossat<\/strong><\/span><\/h4><p>Vous cherchez une solution de transport adapt\u00e9e \u00e0 vos besoins pour vos \u00e9v\u00e9nements, vos sorties ou vos d\u00e9placements en groupe ? La SARL Dossat vous propose des transports occasionnels sur mesur<strong>e<\/strong>, alliant confort, flexibilit\u00e9 et s\u00e9r\u00e9nit\u00e9.<\/p><h4><span style=\"text-decoration: underline;\"><strong>Pourquoi choisir nos services de transport sur mesure ?<\/strong><\/span><\/h4><p><strong>\ud83c\udfaf Une solution adapt\u00e9e \u00e0 vos besoins<\/strong><br \/>Que ce soit pour un mariage, une sortie scolaire, un d\u00e9placement professionnel ou un \u00e9v\u00e9nement sportif, nous concevons des solutions de transport personnalis\u00e9es pour r\u00e9pondre \u00e0 vos attentes sp\u00e9cifiques.<\/p><p><strong>\ud83d\ude98 Des v\u00e9hicules confortables et bien entretenus<\/strong><br \/>Notre flotte de v\u00e9hicules modernes et parfaitement entretenus est con\u00e7ue pour garantir un trajet agr\u00e9able, quelle que soit la distance \u00e0 parcourir.<\/p><p><strong>\u2705 Un service cl\u00e9 en main<\/strong><br \/>Avec la SARL Dossat, organisez vos d\u00e9placements sans tracas. Nous nous occupons de tout : planification, horaires, itin\u00e9raires, et logistique, pour que vous puissiez profiter pleinement de votre \u00e9v\u00e9nement.<\/p><p><strong>\ud83d\udc68\u200d\ud83d\udcbb Une \u00e9quipe professionnelle et \u00e0 votre \u00e9coute<\/strong><br \/>Nos chauffeurs exp\u00e9riment\u00e9s et notre \u00e9quipe d\u00e9di\u00e9e mettent un point d&rsquo;honneur \u00e0 offrir un service ponctuel, s\u00e9curis\u00e9 et convivial.<\/p><h4><span style=\"text-decoration: underline;\"><strong>Nos engagements<\/strong><\/span><\/h4><p><strong>\ud83d\udd04 Flexibilit\u00e9 :<\/strong> Nous nous adaptons \u00e0 vos demandes, qu\u2019il s\u2019agisse d\u2019un transport ponctuel ou r\u00e9gulier.<\/p><p><strong>\ud83d\udea6 S\u00e9curit\u00e9 :<\/strong> Nos chauffeurs sont form\u00e9s pour garantir des trajets s\u00fbrs et agr\u00e9ables.<\/p><p><strong>\ud83d\udccb Transparence :<\/strong> Nous proposons des devis clairs et comp\u00e9titifs, sans frais cach\u00e9s.<\/p><h4><span style=\"text-decoration: underline;\"><strong>Contactez-nous pour vos projets<\/strong><\/span><\/h4><p>Faites confiance \u00e0 la <strong>SARL Dossat<\/strong>, votre partenaire local pour vos transports occasionnels sur mesure. <em><strong><a href=\"https:\/\/transportsdossat.com\/?page_id=114\">Contactez-nous d\u00e8s aujourd&rsquo;hui<\/a><\/strong><\/em> pour obtenir un devis personnalis\u00e9 et discuter de vos besoins.<\/p>\t\t\t\t\t\t\t\t<\/div>\n\t\t\t\t<\/div>\n\t\t\t\t\t<\/div>\n\t\t\t\t<\/div>\n\t\t\t\t<\/div>\n\t\t","protected":false},"excerpt":{"rendered":"<p>JE VOUDRAIS DES INFORMATIONS Transports occasionnels sur mesure avec la SARL Dossat Vous cherchez une solution de transport adapt\u00e9e \u00e0 [&hellip;]<\/p>\n","protected":false},"author":260684300,"featured_media":0,"parent":0,"menu_order":0,"comment_status":"closed","ping_status":"closed","template":"","meta":{"_crdt_document":"","site-sidebar-layout":"no-sidebar","site-content-layout":"","ast-site-content-layout":"full-width-container","site-content-style":"default","site-sidebar-style":"default","ast-global-header-display":"","ast-banner-title-visibility":"","ast-main-header-display":"","ast-hfb-above-header-display":"","ast-hfb-below-header-display":"","ast-hfb-mobile-header-display":"","site-post-title":"disabled","ast-breadcrumbs-content":"","ast-featured-img":"disabled","footer-sml-layout":"","ast-disable-related-posts":"","theme-transparent-header-meta":"","adv-header-id-meta":"","stick-header-meta":"","header-above-stick-meta":"","header-main-stick-meta":"","header-below-stick-meta":"","astra-migrate-meta-layouts":"default","ast-page-background-enabled":"default","ast-page-background-meta":{"desktop":{"background-color":"var(--ast-global-color-5)","background-image":"","background-repeat":"repeat","background-position":"center center","background-size":"auto","background-attachment":"scroll","background-type":"","background-media":"","overlay-type":"","overlay-color":"","overlay-opacity":"","overlay-gradient":""},"tablet":{"background-color":"","background-image":"","background-repeat":"repeat","background-position":"center center","background-size":"auto","background-attachment":"scroll","background-type":"","background-media":"","overlay-type":"","overlay-color":"","overlay-opacity":"","overlay-gradient":""},"mobile":{"background-color":"","background-image":"","background-repeat":"repeat","background-position":"center center","background-size":"auto","background-attachment":"scroll","background-type":"","background-media":"","overlay-type":"","overlay-color":"","overlay-opacity":"","overlay-gradient":""}},"ast-content-background-meta":{"desktop":{"background-color":"var(--ast-global-color-4)","background-image":"","background-repeat":"repeat","background-position":"center center","background-size":"auto","background-attachment":"scroll","background-type":"","background-media":"","overlay-type":"","overlay-color":"","overlay-opacity":"","overlay-gradient":""},"tablet":{"background-color":"var(--ast-global-color-4)","background-image":"","background-repeat":"repeat","background-position":"center center","background-size":"auto","background-attachment":"scroll","background-type":"","background-media":"","overlay-type":"","overlay-color":"","overlay-opacity":"","overlay-gradient":""},"mobile":{"background-color":"var(--ast-global-color-4)","background-image":"","background-repeat":"repeat","background-position":"center center","background-size":"auto","background-attachment":"scroll","background-type":"","background-media":"","overlay-type":"","overlay-color":"","overlay-opacity":"","overlay-gradient":""}},"advanced_seo_description":"","jetpack_seo_html_title":"","jetpack_seo_noindex":false,"footnotes":""},"class_list":["post-507","page","type-page","status-publish","hentry"],"jetpack_sharing_enabled":true,"jetpack_likes_enabled":true,"jetpack_shortlink":"https:\/\/wp.me\/PghPof-8b","_links":{"self":[{"href":"https:\/\/transportsdossat.com\/index.php?rest_route=\/wp\/v2\/pages\/507","targetHints":{"allow":["GET"]}}],"collection":[{"href":"https:\/\/transportsdossat.com\/index.php?rest_route=\/wp\/v2\/pages"}],"about":[{"href":"https:\/\/transportsdossat.com\/index.php?rest_route=\/wp\/v2\/types\/page"}],"author":[{"embeddable":true,"href":"https:\/\/transportsdossat.com\/index.php?rest_route=\/wp\/v2\/users\/260684300"}],"replies":[{"embeddable":true,"href":"https:\/\/transportsdossat.com\/index.php?rest_route=%2Fwp%2Fv2%2Fcomments&post=507"}],"version-history":[{"count":23,"href":"https:\/\/transportsdossat.com\/index.php?rest_route=\/wp\/v2\/pages\/507\/revisions"}],"predecessor-version":[{"id":721,"href":"https:\/\/transportsdossat.com\/index.php?rest_route=\/wp\/v2\/pages\/507\/revisions\/721"}],"wp:attachment":[{"href":"https:\/\/transportsdossat.com\/index.php?rest_route=%2Fwp%2Fv2%2Fmedia&parent=507"}],"curies":[{"name":"wp","href":"https:\/\/api.w.org\/{rel}","templated":true}]}}