{"id":335,"date":"2025-01-15T15:22:06","date_gmt":"2025-01-15T14:22:06","guid":{"rendered":"https:\/\/transportsdossat.com\/?page_id=335"},"modified":"2025-02-05T09:00:02","modified_gmt":"2025-02-05T08:00:02","slug":"location-de-vehicules","status":"publish","type":"page","link":"https:\/\/transportsdossat.com\/?page_id=335","title":{"rendered":"LOCATION DE V\u00c9HICULES"},"content":{"rendered":"\t\t<div data-elementor-type=\"wp-page\" data-elementor-id=\"335\" class=\"elementor elementor-335\">\n\t\t\t\t<div class=\"elementor-element elementor-element-3b670f0 e-flex e-con-boxed e-con e-parent\" data-id=\"3b670f0\" data-element_type=\"container\" data-e-type=\"container\">\n\t\t\t\t\t<div class=\"e-con-inner\">\n\t\t\t\t<div class=\"elementor-element elementor-element-ee245a8 elementor-widget__width-initial elementor-widget elementor-widget-image\" data-id=\"ee245a8\" data-element_type=\"widget\" data-e-type=\"widget\" data-widget_type=\"image.default\">\n\t\t\t\t<div class=\"elementor-widget-container\">\n\t\t\t\t\t\t\t\t\t\t\t\t\t\t\t\t<a href=\"https:\/\/transportsdossat.com\/nous-contacter\/\">\n\t\t\t\t\t\t\t<img fetchpriority=\"high\" decoding=\"async\" data-attachment-id=\"413\" data-permalink=\"https:\/\/transportsdossat.com\/?attachment_id=413\" data-orig-file=\"https:\/\/transportsdossat.com\/wp-content\/uploads\/2025\/01\/LOCATION-DE-VEHICULES-7.png\" data-orig-size=\"6912,3456\" data-comments-opened=\"1\" data-image-meta=\"{&quot;aperture&quot;:&quot;0&quot;,&quot;credit&quot;:&quot;&quot;,&quot;camera&quot;:&quot;&quot;,&quot;caption&quot;:&quot;&quot;,&quot;created_timestamp&quot;:&quot;0&quot;,&quot;copyright&quot;:&quot;&quot;,&quot;focal_length&quot;:&quot;0&quot;,&quot;iso&quot;:&quot;0&quot;,&quot;shutter_speed&quot;:&quot;0&quot;,&quot;title&quot;:&quot;&quot;,&quot;orientation&quot;:&quot;0&quot;}\" data-image-title=\"LOCATION DE VE\u0301HICULES (7)\" data-image-description=\"&lt;p&gt;location de v\u00e9hicules&lt;\/p&gt;\n\" data-image-caption=\"&lt;p&gt;location de v\u00e9hicules &lt;\/p&gt;\n\" data-large-file=\"https:\/\/transportsdossat.com\/wp-content\/uploads\/2025\/01\/LOCATION-DE-VEHICULES-7-1024x512.png\" width=\"1024\" height=\"512\" src=\"https:\/\/transportsdossat.com\/wp-content\/uploads\/2025\/01\/LOCATION-DE-VEHICULES-7-1024x512.png\" class=\"attachment-large size-large wp-image-413\" alt=\"location de v\u00e9hicules\" srcset=\"https:\/\/transportsdossat.com\/wp-content\/uploads\/2025\/01\/LOCATION-DE-VEHICULES-7-1024x512.png 1024w, https:\/\/transportsdossat.com\/wp-content\/uploads\/2025\/01\/LOCATION-DE-VEHICULES-7-300x150.png 300w, https:\/\/transportsdossat.com\/wp-content\/uploads\/2025\/01\/LOCATION-DE-VEHICULES-7-768x384.png 768w, https:\/\/transportsdossat.com\/wp-content\/uploads\/2025\/01\/LOCATION-DE-VEHICULES-7-1536x768.png 1536w, https:\/\/transportsdossat.com\/wp-content\/uploads\/2025\/01\/LOCATION-DE-VEHICULES-7-2048x1024.png 2048w, https:\/\/transportsdossat.com\/wp-content\/uploads\/2025\/01\/LOCATION-DE-VEHICULES-7-1320x660.png 1320w, https:\/\/transportsdossat.com\/wp-content\/uploads\/2025\/01\/LOCATION-DE-VEHICULES-7-600x300.png 600w\" sizes=\"(max-width: 1024px) 100vw, 1024px\" data-attachment-id=\"413\" data-permalink=\"https:\/\/transportsdossat.com\/?attachment_id=413\" data-orig-file=\"https:\/\/transportsdossat.com\/wp-content\/uploads\/2025\/01\/LOCATION-DE-VEHICULES-7.png\" data-orig-size=\"6912,3456\" data-comments-opened=\"1\" data-image-meta=\"{&quot;aperture&quot;:&quot;0&quot;,&quot;credit&quot;:&quot;&quot;,&quot;camera&quot;:&quot;&quot;,&quot;caption&quot;:&quot;&quot;,&quot;created_timestamp&quot;:&quot;0&quot;,&quot;copyright&quot;:&quot;&quot;,&quot;focal_length&quot;:&quot;0&quot;,&quot;iso&quot;:&quot;0&quot;,&quot;shutter_speed&quot;:&quot;0&quot;,&quot;title&quot;:&quot;&quot;,&quot;orientation&quot;:&quot;0&quot;}\" data-image-title=\"LOCATION DE VE\u0301HICULES (7)\" data-image-description=\"&lt;p&gt;location de v\u00e9hicules&lt;\/p&gt;\n\" data-image-caption=\"&lt;p&gt;location de v\u00e9hicules &lt;\/p&gt;\n\" data-large-file=\"https:\/\/transportsdossat.com\/wp-content\/uploads\/2025\/01\/LOCATION-DE-VEHICULES-7-1024x512.png\" \/>\t\t\t\t\t\t\t\t<\/a>\n\t\t\t\t\t\t\t\t\t\t\t\t\t\t\t<\/div>\n\t\t\t\t<\/div>\n\t\t\t\t\t<\/div>\n\t\t\t\t<\/div>\n\t\t<div class=\"elementor-element elementor-element-73b2089 e-flex e-con-boxed e-con e-parent\" data-id=\"73b2089\" data-element_type=\"container\" data-e-type=\"container\">\n\t\t\t\t\t<div class=\"e-con-inner\">\n\t\t\t\t<div class=\"elementor-element elementor-element-42008c6 elementor-align-center elementor-widget__width-initial elementor-widget elementor-widget-button\" data-id=\"42008c6\" data-element_type=\"widget\" data-e-type=\"widget\" data-widget_type=\"button.default\">\n\t\t\t\t<div class=\"elementor-widget-container\">\n\t\t\t\t\t\t\t\t\t<div class=\"elementor-button-wrapper\">\n\t\t\t\t\t<a class=\"elementor-button elementor-button-link elementor-size-sm\" href=\"https:\/\/transportsdossat.com\/?page_id=114\">\n\t\t\t\t\t\t<span class=\"elementor-button-content-wrapper\">\n\t\t\t\t\t\t\t\t\t<span class=\"elementor-button-text\">JE VOUDRAIS DES INFORMATIONS<\/span>\n\t\t\t\t\t<\/span>\n\t\t\t\t\t<\/a>\n\t\t\t\t<\/div>\n\t\t\t\t\t\t\t\t<\/div>\n\t\t\t\t<\/div>\n\t\t\t\t\t<\/div>\n\t\t\t\t<\/div>\n\t\t<div class=\"elementor-element elementor-element-293f682 e-flex e-con-boxed e-con e-parent\" data-id=\"293f682\" data-element_type=\"container\" data-e-type=\"container\">\n\t\t\t\t\t<div class=\"e-con-inner\">\n\t\t\t\t<div class=\"elementor-element elementor-element-818ae93 elementor-widget elementor-widget-spacer\" data-id=\"818ae93\" data-element_type=\"widget\" data-e-type=\"widget\" data-widget_type=\"spacer.default\">\n\t\t\t\t<div class=\"elementor-widget-container\">\n\t\t\t\t\t\t\t<div class=\"elementor-spacer\">\n\t\t\t<div class=\"elementor-spacer-inner\"><\/div>\n\t\t<\/div>\n\t\t\t\t\t\t<\/div>\n\t\t\t\t<\/div>\n\t\t\t\t\t<\/div>\n\t\t\t\t<\/div>\n\t\t<div class=\"elementor-element elementor-element-f9d8689 e-flex e-con-boxed e-con e-parent\" data-id=\"f9d8689\" data-element_type=\"container\" data-e-type=\"container\">\n\t\t\t\t\t<div class=\"e-con-inner\">\n\t\t\t\t<div class=\"elementor-element elementor-element-994ddde elementor-widget elementor-widget-text-editor\" data-id=\"994ddde\" data-element_type=\"widget\" data-e-type=\"widget\" data-widget_type=\"text-editor.default\">\n\t\t\t\t<div class=\"elementor-widget-container\">\n\t\t\t\t\t\t\t\t\t<h4><strong><u>Location de v\u00e9hicules avec la SARL Dossat<\/u><\/strong><\/h4>\n<p>Besoin d\u2019un v\u00e9hicule pour un d\u00e9placement personnel, professionnel ou en groupe ? La SARL Dossat vous propose une large gamme de solutions adapt\u00e9es \u00e0 tous vos besoins.<\/p>\n<p><strong>\ud83d\ude97 Voitures<\/strong> : Partez en toute tranquillit\u00e9 avec nos v\u00e9hicules modernes et bien entretenus, parfaits pour vos trajets du quotidien ou vos escapades.<\/p>\n<p><strong>\ud83d\ude8c Bus et minibus<\/strong> : Simplifiez vos d\u00e9placements en groupe avec nos v\u00e9hicules spacieux, id\u00e9aux pour des voyages scolaires, des sorties associatives ou des \u00e9v\u00e9nements professionnels.<\/p>\n<p>Situ\u00e9s \u00e0 Castelnau-Magnoac, nous mettons un point d\u2019honneur \u00e0 offrir un service flexible et fiable, adapt\u00e9 \u00e0 vos projets. Que vous ayez besoin d\u2019un v\u00e9hicule pour une journ\u00e9e, un week-end ou plus, nous sommes \u00e0 votre \u00e9coute pour vous conseiller et vous proposer la solution id\u00e9ale.<\/p>\n<p><strong><em><a href=\"https:\/\/transportsdossat.com\/?page_id=114\">Contactez-nous d\u00e8s aujourd\u2019hui<\/a> <\/em><\/strong>pour obtenir un devis ou r\u00e9server votre v\u00e9hicule\u202f!<\/p>\t\t\t\t\t\t\t\t<\/div>\n\t\t\t\t<\/div>\n\t\t\t\t\t<\/div>\n\t\t\t\t<\/div>\n\t\t\t\t<\/div>\n\t\t","protected":false},"excerpt":{"rendered":"<p>JE VOUDRAIS DES INFORMATIONS Location de v\u00e9hicules avec la SARL Dossat Besoin d\u2019un v\u00e9hicule pour un d\u00e9placement personnel, professionnel ou [&hellip;]<\/p>\n","protected":false},"author":260684300,"featured_media":0,"parent":0,"menu_order":0,"comment_status":"closed","ping_status":"closed","template":"","meta":{"_crdt_document":"","site-sidebar-layout":"no-sidebar","site-content-layout":"","ast-site-content-layout":"full-width-container","site-content-style":"default","site-sidebar-style":"default","ast-global-header-display":"","ast-banner-title-visibility":"","ast-main-header-display":"","ast-hfb-above-header-display":"","ast-hfb-below-header-display":"","ast-hfb-mobile-header-display":"","site-post-title":"disabled","ast-breadcrumbs-content":"","ast-featured-img":"disabled","footer-sml-layout":"","ast-disable-related-posts":"","theme-transparent-header-meta":"","adv-header-id-meta":"","stick-header-meta":"","header-above-stick-meta":"","header-main-stick-meta":"","header-below-stick-meta":"","astra-migrate-meta-layouts":"default","ast-page-background-enabled":"default","ast-page-background-meta":{"desktop":{"background-color":"var(--ast-global-color-5)","background-image":"","background-repeat":"repeat","background-position":"center center","background-size":"auto","background-attachment":"scroll","background-type":"","background-media":"","overlay-type":"","overlay-color":"","overlay-opacity":"","overlay-gradient":""},"tablet":{"background-color":"","background-image":"","background-repeat":"repeat","background-position":"center center","background-size":"auto","background-attachment":"scroll","background-type":"","background-media":"","overlay-type":"","overlay-color":"","overlay-opacity":"","overlay-gradient":""},"mobile":{"background-color":"","background-image":"","background-repeat":"repeat","background-position":"center center","background-size":"auto","background-attachment":"scroll","background-type":"","background-media":"","overlay-type":"","overlay-color":"","overlay-opacity":"","overlay-gradient":""}},"ast-content-background-meta":{"desktop":{"background-color":"var(--ast-global-color-4)","background-image":"","background-repeat":"repeat","background-position":"center center","background-size":"auto","background-attachment":"scroll","background-type":"","background-media":"","overlay-type":"","overlay-color":"","overlay-opacity":"","overlay-gradient":""},"tablet":{"background-color":"var(--ast-global-color-4)","background-image":"","background-repeat":"repeat","background-position":"center center","background-size":"auto","background-attachment":"scroll","background-type":"","background-media":"","overlay-type":"","overlay-color":"","overlay-opacity":"","overlay-gradient":""},"mobile":{"background-color":"var(--ast-global-color-4)","background-image":"","background-repeat":"repeat","background-position":"center center","background-size":"auto","background-attachment":"scroll","background-type":"","background-media":"","overlay-type":"","overlay-color":"","overlay-opacity":"","overlay-gradient":""}},"advanced_seo_description":"","jetpack_seo_html_title":"","jetpack_seo_noindex":false,"footnotes":""},"class_list":["post-335","page","type-page","status-publish","hentry"],"jetpack_sharing_enabled":true,"jetpack_likes_enabled":true,"jetpack_shortlink":"https:\/\/wp.me\/PghPof-5p","_links":{"self":[{"href":"https:\/\/transportsdossat.com\/index.php?rest_route=\/wp\/v2\/pages\/335","targetHints":{"allow":["GET"]}}],"collection":[{"href":"https:\/\/transportsdossat.com\/index.php?rest_route=\/wp\/v2\/pages"}],"about":[{"href":"https:\/\/transportsdossat.com\/index.php?rest_route=\/wp\/v2\/types\/page"}],"author":[{"embeddable":true,"href":"https:\/\/transportsdossat.com\/index.php?rest_route=\/wp\/v2\/users\/260684300"}],"replies":[{"embeddable":true,"href":"https:\/\/transportsdossat.com\/index.php?rest_route=%2Fwp%2Fv2%2Fcomments&post=335"}],"version-history":[{"count":20,"href":"https:\/\/transportsdossat.com\/index.php?rest_route=\/wp\/v2\/pages\/335\/revisions"}],"predecessor-version":[{"id":675,"href":"https:\/\/transportsdossat.com\/index.php?rest_route=\/wp\/v2\/pages\/335\/revisions\/675"}],"wp:attachment":[{"href":"https:\/\/transportsdossat.com\/index.php?rest_route=%2Fwp%2Fv2%2Fmedia&parent=335"}],"curies":[{"name":"wp","href":"https:\/\/api.w.org\/{rel}","templated":true}]}}