{"id":2237,"date":"2026-02-24T12:18:16","date_gmt":"2026-02-24T11:18:16","guid":{"rendered":"https:\/\/transportsdossat.com\/?page_id=2237"},"modified":"2026-02-24T12:30:44","modified_gmt":"2026-02-24T11:30:44","slug":"sejour-dans-le-jura","status":"publish","type":"page","link":"https:\/\/transportsdossat.com\/?page_id=2237","title":{"rendered":"S\u00c9JOUR DANS LE JURA"},"content":{"rendered":"\t\t<div data-elementor-type=\"wp-page\" data-elementor-id=\"2237\" class=\"elementor elementor-2237\">\n\t\t\t\t<div class=\"elementor-element elementor-element-8ec12cc e-flex e-con-boxed e-con e-parent\" data-id=\"8ec12cc\" data-element_type=\"container\" data-e-type=\"container\">\n\t\t\t\t\t<div class=\"e-con-inner\">\n\t\t\t\t<div class=\"elementor-element elementor-element-d9fba44 elementor-arrows-position-inside elementor-pagination-position-outside elementor-widget elementor-widget-image-carousel\" data-id=\"d9fba44\" data-element_type=\"widget\" data-e-type=\"widget\" data-settings=\"{&quot;navigation&quot;:&quot;both&quot;,&quot;autoplay&quot;:&quot;yes&quot;,&quot;pause_on_hover&quot;:&quot;yes&quot;,&quot;pause_on_interaction&quot;:&quot;yes&quot;,&quot;autoplay_speed&quot;:5000,&quot;infinite&quot;:&quot;yes&quot;,&quot;speed&quot;:500}\" data-widget_type=\"image-carousel.default\">\n\t\t\t\t<div class=\"elementor-widget-container\">\n\t\t\t\t\t\t\t<div class=\"elementor-image-carousel-wrapper swiper\" role=\"region\" aria-roledescription=\"carousel\" aria-label=\"Carrousel d\u2019images\" dir=\"ltr\">\n\t\t\t<div class=\"elementor-image-carousel swiper-wrapper\" aria-live=\"off\">\n\t\t\t\t\t\t\t\t<div class=\"swiper-slide\" role=\"group\" aria-roledescription=\"slide\" aria-label=\"1 sur 6\"><figure class=\"swiper-slide-inner\"><img decoding=\"async\" class=\"swiper-slide-image\" src=\"https:\/\/transportsdossat.com\/wp-content\/uploads\/2026\/02\/IMAGE-SITE-INTERNET.png\" alt=\"S\u00c9JOUR DANS LE JURA\" \/><\/figure><\/div><div class=\"swiper-slide\" role=\"group\" aria-roledescription=\"slide\" aria-label=\"2 sur 6\"><figure class=\"swiper-slide-inner\"><img decoding=\"async\" class=\"swiper-slide-image\" src=\"https:\/\/transportsdossat.com\/wp-content\/uploads\/2026\/02\/IMAGE-SITE-INTERNET-1.png\" alt=\"S\u00c9JOUR DANS LE JURA\" \/><\/figure><\/div><div class=\"swiper-slide\" role=\"group\" aria-roledescription=\"slide\" aria-label=\"3 sur 6\"><figure class=\"swiper-slide-inner\"><img decoding=\"async\" class=\"swiper-slide-image\" src=\"https:\/\/transportsdossat.com\/wp-content\/uploads\/2026\/02\/IMAGE-SITE-INTERNET-2.png\" alt=\"S\u00c9JOUR DANS LE JURA\" \/><\/figure><\/div><div class=\"swiper-slide\" role=\"group\" aria-roledescription=\"slide\" aria-label=\"4 sur 6\"><figure class=\"swiper-slide-inner\"><img decoding=\"async\" class=\"swiper-slide-image\" src=\"https:\/\/transportsdossat.com\/wp-content\/uploads\/2026\/02\/IMAGE-SITE-INTERNET-3.png\" alt=\"S\u00c9JOUR DANS LE JURA\" \/><\/figure><\/div><div class=\"swiper-slide\" role=\"group\" aria-roledescription=\"slide\" aria-label=\"5 sur 6\"><figure class=\"swiper-slide-inner\"><img decoding=\"async\" class=\"swiper-slide-image\" src=\"https:\/\/transportsdossat.com\/wp-content\/uploads\/2026\/02\/IMAGE-SITE-INTERNET-4.png\" alt=\"S\u00c9JOUR DANS LE JURA\" \/><\/figure><\/div><div class=\"swiper-slide\" role=\"group\" aria-roledescription=\"slide\" aria-label=\"6 sur 6\"><figure class=\"swiper-slide-inner\"><img decoding=\"async\" class=\"swiper-slide-image\" src=\"https:\/\/transportsdossat.com\/wp-content\/uploads\/2026\/02\/IMAGE-SITE-INTERNET-5.png\" alt=\"S\u00c9JOUR DANS LE JURA\" \/><\/figure><\/div>\t\t\t<\/div>\n\t\t\t\t\t\t\t\t\t\t\t\t<div class=\"elementor-swiper-button elementor-swiper-button-prev\" role=\"button\" tabindex=\"0\">\n\t\t\t\t\t\t<svg aria-hidden=\"true\" class=\"e-font-icon-svg e-eicon-chevron-left\" viewBox=\"0 0 1000 1000\" xmlns=\"http:\/\/www.w3.org\/2000\/svg\"><path d=\"M646 125C629 125 613 133 604 142L308 442C296 454 292 471 292 487 292 504 296 521 308 533L604 854C617 867 629 875 646 875 663 875 679 871 692 858 704 846 713 829 713 812 713 796 708 779 692 767L438 487 692 225C700 217 708 204 708 187 708 171 704 154 692 142 675 129 663 125 646 125Z\"><\/path><\/svg>\t\t\t\t\t<\/div>\n\t\t\t\t\t<div class=\"elementor-swiper-button elementor-swiper-button-next\" role=\"button\" tabindex=\"0\">\n\t\t\t\t\t\t<svg aria-hidden=\"true\" class=\"e-font-icon-svg e-eicon-chevron-right\" viewBox=\"0 0 1000 1000\" xmlns=\"http:\/\/www.w3.org\/2000\/svg\"><path d=\"M696 533C708 521 713 504 713 487 713 471 708 454 696 446L400 146C388 133 375 125 354 125 338 125 325 129 313 142 300 154 292 171 292 187 292 204 296 221 308 233L563 492 304 771C292 783 288 800 288 817 288 833 296 850 308 863 321 871 338 875 354 875 371 875 388 867 400 854L696 533Z\"><\/path><\/svg>\t\t\t\t\t<\/div>\n\t\t\t\t\n\t\t\t\t\t\t\t\t\t<div class=\"swiper-pagination\"><\/div>\n\t\t\t\t\t\t\t\t\t<\/div>\n\t\t\t\t\t\t<\/div>\n\t\t\t\t<\/div>\n\t\t\t\t\t<\/div>\n\t\t\t\t<\/div>\n\t\t<div class=\"elementor-element elementor-element-6efcf87 e-flex e-con-boxed e-con e-parent\" data-id=\"6efcf87\" data-element_type=\"container\" data-e-type=\"container\">\n\t\t\t\t\t<div class=\"e-con-inner\">\n\t\t\t\t<div class=\"elementor-element elementor-element-5cda575 elementor-widget elementor-widget-text-editor\" data-id=\"5cda575\" data-element_type=\"widget\" data-e-type=\"widget\" data-widget_type=\"text-editor.default\">\n\t\t\t\t<div class=\"elementor-widget-container\">\n\t\t\t\t\t\t\t\t\t<h2 data-start=\"109\" data-end=\"158\"><strong>\ud83c\udf32 S\u00e9jour Nature &amp; Traditions au C\u0153ur du Jura !<\/strong><\/h2><p data-start=\"159\" data-end=\"312\">\u2728 Partez pour 6 jours d\u2019\u00e9vasion entre cascades majestueuses, villages de caract\u00e8re, croisi\u00e8re gourmande et savoir-faire artisanaux au c\u0153ur du Haut-Jura !<\/p><h4 data-start=\"319\" data-end=\"356\"><strong>\ud83d\uddd3 Jour 1 \u2013 Direction le Haut-Jura<\/strong><\/h4><p data-start=\"358\" data-end=\"456\">\u23f0 D\u00e9part de Castelnau-Magnoac (horaire \u00e0 d\u00e9finir)<br data-start=\"407\" data-end=\"410\" \/>En route vers les paysages pr\u00e9serv\u00e9s du Jura !<\/p><p data-start=\"458\" data-end=\"534\">\ud83c\udfd4 Arriv\u00e9e \u00e0 <strong data-start=\"471\" data-end=\"512\"><span class=\"hover:entity-accent entity-underline inline cursor-pointer align-baseline\"><span class=\"whitespace-normal\">Lamoura<\/span><\/span><\/strong> en fin d\u2019apr\u00e8s-midi**<\/p><p data-start=\"458\" data-end=\"534\">\ud83e\udd42 Accueil autour du verre de l\u2019amiti\u00e9<br data-start=\"574\" data-end=\"577\" \/>Pr\u00e9sentation de votre s\u00e9jour par une \u00e9quipe.<br data-start=\"623\" data-end=\"626\" \/>Installation dans votre h\u00e9bergement et d\u00eener.<\/p><h4 data-start=\"678\" data-end=\"741\"><strong>\ud83d\uddd3 Jour 2 \u2013 Arbois &amp; Salins-les-Bains : Terroir &amp; Patrimoine<\/strong><\/h4><p data-start=\"743\" data-end=\"779\">\u2615 Petit-d\u00e9jeuner au village vacances<\/p><p data-start=\"743\" data-end=\"779\">\ud83d\ude8d D\u00e9part pour <strong data-start=\"796\" data-end=\"837\"><span class=\"hover:entity-accent entity-underline inline cursor-pointer align-baseline\"><span class=\"whitespace-normal\">Arbois<\/span><\/span><\/strong><\/p><p data-start=\"839\" data-end=\"983\">\ud83c\udfdb\ufe0f Visite de la <strong data-start=\"856\" data-end=\"897\"><span class=\"hover:entity-accent entity-underline inline cursor-pointer align-baseline\"><span class=\"whitespace-normal\">Maison de Louis Pasteur<\/span><\/span><\/strong><br data-start=\"897\" data-end=\"900\" \/>D\u00e9couvrez la demeure du c\u00e9l\u00e8bre scientifique, rest\u00e9e intacte depuis le XIX\u1d49 si\u00e8cle.<\/p><p data-start=\"985\" data-end=\"1061\">\ud83c\udf77 Visite d\u2019une fruiti\u00e8re vinicole<br data-start=\"1019\" data-end=\"1022\" \/>D\u00e9gustation des c\u00e9l\u00e8bres vins d\u2019Arbois.<\/p><p data-start=\"1063\" data-end=\"1097\">\ud83c\udf7d D\u00e9jeuner au restaurant \u00e0 Arbois<\/p><p data-start=\"1099\" data-end=\"1153\">\ud83d\ude8d Direction <strong data-start=\"1112\" data-end=\"1153\"><span class=\"hover:entity-accent entity-underline inline cursor-pointer align-baseline\"><span class=\"whitespace-normal\">Salins-les-Bains<\/span><\/span><\/strong><\/p><p data-start=\"1155\" data-end=\"1339\">\ud83e\uddc2 Visite de la <strong data-start=\"1171\" data-end=\"1212\"><span class=\"hover:entity-accent entity-underline inline cursor-pointer align-baseline\"><span class=\"whitespace-normal\">Grande Saline de Salins-les-Bains<\/span><\/span><\/strong><br data-start=\"1212\" data-end=\"1215\" \/>Plongez dans d\u2019impressionnantes galeries souterraines m\u00e9di\u00e9vales o\u00f9 l\u2019on produisait le sel, v\u00e9ritable or blanc de la r\u00e9gion.<\/p><p data-start=\"1341\" data-end=\"1383\">Retour au village vacances \u2013 D\u00eener &amp; nuit.<\/p><h4 data-start=\"1390\" data-end=\"1430\"><strong>\ud83d\uddd3 Jour 3 \u2013 Cascades &amp; Village Class\u00e9<\/strong><\/h4><p data-start=\"1432\" data-end=\"1448\">\u2615 Petit-d\u00e9jeuner<\/p><p data-start=\"1450\" data-end=\"1626\">\ud83c\udf0a Excursion aux <strong data-start=\"1467\" data-end=\"1508\"><span class=\"hover:entity-accent entity-underline inline cursor-pointer align-baseline\"><span class=\"whitespace-normal\">Cascades du H\u00e9risson<\/span><\/span><\/strong><br data-start=\"1508\" data-end=\"1511\" \/>Admirez la spectaculaire cascade en \u00e9ventail et d\u00e9couvrez les secrets g\u00e9ologiques du site \u00e0 la Maison des Cascades.<\/p><p data-start=\"1628\" data-end=\"1697\">\ud83c\udf7d D\u00e9jeuner au restaurant \u00e0 <strong data-start=\"1656\" data-end=\"1697\"><span class=\"hover:entity-accent entity-underline inline cursor-pointer align-baseline\"><span class=\"whitespace-normal\">Baume-les-Messieurs<\/span><\/span><\/strong><\/p><p data-start=\"1699\" data-end=\"1843\">\ud83c\udfde D\u00e9couverte du village et de sa recul\u00e9e spectaculaire<br data-start=\"1754\" data-end=\"1757\" \/>Visite des <strong data-start=\"1768\" data-end=\"1809\"><span class=\"hover:entity-accent entity-underline inline cursor-pointer align-baseline\"><span class=\"whitespace-normal\">Grottes de Baume<\/span><\/span><\/strong>, v\u00e9ritable merveille souterraine.<\/p><p data-start=\"1845\" data-end=\"1867\">Retour \u2013 D\u00eener &amp; nuit.<\/p><h4 data-start=\"1874\" data-end=\"1923\"><strong>\ud83d\uddd3 Jour 4 \u2013 Croisi\u00e8re Gourmande &amp; Savoir-Faire<\/strong><\/h4><p data-start=\"1925\" data-end=\"1941\">\u2615 Petit-d\u00e9jeuner<\/p><p data-start=\"1943\" data-end=\"2031\">\ud83d\udea4 Croisi\u00e8re sur le majestueux <strong data-start=\"1974\" data-end=\"2015\"><span class=\"hover:entity-accent entity-underline inline cursor-pointer align-baseline\"><span class=\"whitespace-normal\">Lac de Vouglans<\/span><\/span><\/strong> (35 km de long)<\/p><p data-start=\"2033\" data-end=\"2215\">Depuis le port de Surchauffant, d\u00e9couvrez :<br \/>\u2022 La base nautique de Bellecin<br data-start=\"2107\" data-end=\"2110\" \/>\u2022 Le port de la Mercantine<br data-start=\"2136\" data-end=\"2139\" \/>\u2022 Les belv\u00e9d\u00e8res<br data-start=\"2155\" data-end=\"2158\" \/>\u2022 Le site de la <strong data-start=\"2174\" data-end=\"2215\"><span class=\"hover:entity-accent entity-underline inline cursor-pointer align-baseline\"><span class=\"whitespace-normal\">Chartreuse de Vaucluse<\/span><\/span><\/strong><\/p><p data-start=\"2217\" data-end=\"2244\">\ud83c\udf7d D\u00e9jeuner gourmand \u00e0 bord<\/p><p data-start=\"2246\" data-end=\"2302\">\ud83d\ude8d Direction <strong data-start=\"2259\" data-end=\"2302\"><span class=\"hover:entity-accent entity-underline inline cursor-pointer align-baseline\"><span class=\"whitespace-normal\">Ravilloles<\/span><\/span><\/strong><\/p><p data-start=\"2304\" data-end=\"2459\">\ud83d\udee0 Visite de l\u2019<strong data-start=\"2319\" data-end=\"2362\"><span class=\"hover:entity-accent entity-underline inline cursor-pointer align-baseline\"><span class=\"whitespace-normal\">Atelier des savoir-faire<\/span><\/span><\/strong><br data-start=\"2362\" data-end=\"2365\" \/>Tourneurs sur bois, lunetiers, diamantaires\u2026 D\u00e9couvrez les m\u00e9tiers embl\u00e9matiques du Haut-Jura.<\/p><p data-start=\"2461\" data-end=\"2483\">Retour \u2013 D\u00eener &amp; nuit.<\/p><h4 data-start=\"2490\" data-end=\"2543\"><strong>\ud83d\uddd3 Jour 5 \u2013 Saint-Claude &amp; Traditions Jurassiennes<\/strong><\/h4><p data-start=\"2545\" data-end=\"2561\">\u2615 Petit-d\u00e9jeuner<\/p><p data-start=\"2563\" data-end=\"2621\">\ud83d\ude8d D\u00e9part pour <strong data-start=\"2578\" data-end=\"2621\"><span class=\"hover:entity-accent entity-underline inline cursor-pointer align-baseline\"><span class=\"whitespace-normal\">Saint-Claude<\/span><\/span><\/strong><\/p><p data-start=\"2623\" data-end=\"2681\">\u26ea Visite de la <strong data-start=\"2638\" data-end=\"2681\"><span class=\"hover:entity-accent entity-underline inline cursor-pointer align-baseline\"><span class=\"whitespace-normal\">Cath\u00e9drale Saint-Pierre de Saint-Claude<\/span><\/span><\/strong><\/p><p data-start=\"2683\" data-end=\"2746\">\ud83d\udeac D\u00e9couverte d\u2019une fabrique des c\u00e9l\u00e8bres pipes de Saint-Claude<\/p><p data-start=\"2748\" data-end=\"2779\">\ud83c\udf7d D\u00e9jeuner au village vacances<\/p><p data-start=\"2781\" data-end=\"2995\">\ud83c\udf32 Visite du <strong data-start=\"2794\" data-end=\"2837\"><span class=\"hover:entity-accent entity-underline inline cursor-pointer align-baseline\"><span class=\"whitespace-normal\">Mus\u00e9e de la Boissellerie<\/span><\/span><\/strong> \u00e0 <strong data-start=\"2840\" data-end=\"2883\"><span class=\"hover:entity-accent entity-underline inline cursor-pointer align-baseline\"><span class=\"whitespace-normal\">Bois-d&rsquo;Amont<\/span><\/span><\/strong><br data-start=\"2883\" data-end=\"2886\" \/>Plongez dans l\u2019univers des artisans travaillant l\u2019\u00e9pic\u00e9a pour fabriquer bo\u00eetes, skis et objets traditionnels.<\/p><p data-start=\"2997\" data-end=\"3037\">\ud83d\udc04 Passage par la ferme du Grand Vallier<\/p><p data-start=\"3039\" data-end=\"3061\">Retour \u2013 D\u00eener &amp; nuit.<\/p><h4 data-start=\"3068\" data-end=\"3096\"><strong>\ud83d\uddd3 Jour 6 \u2013 Fin du s\u00e9jour<\/strong><\/h4><p data-start=\"3098\" data-end=\"3156\">\u2615 Petit-d\u00e9jeuner<br data-start=\"3114\" data-end=\"3117\" \/>\ud83d\ude8d D\u00e9part de Lamoura vers notre r\u00e9gion.<\/p><h4 data-start=\"2965\" data-end=\"2976\"><strong>\ud83d\udcb0 Tarifs<\/strong><\/h4><p data-start=\"2978\" data-end=\"3023\">\ud83d\udc49 <strong data-start=\"2981\" data-end=\"3023\">Base 40 personnes : 880 \u20ac par personne<\/strong><\/p><p data-start=\"3025\" data-end=\"3101\">\ud83d\udecf\ufe0f Suppl\u00e9ment chambre individuelle :<br data-start=\"3062\" data-end=\"3065\" \/><strong data-start=\"3065\" data-end=\"3101\">13,50 \u20ac par jour et par personne<\/strong><\/p><h4 data-start=\"3108\" data-end=\"3130\"><strong>\u2705 Le prix comprend :<\/strong><\/h4><p data-start=\"3132\" data-end=\"3483\">\u2714 Le transport aller \/ retour en autocar<br data-start=\"3172\" data-end=\"3175\" \/>\u2714 Le s\u00e9jour en pension compl\u00e8te au village de vacances <strong data-start=\"3230\" data-end=\"3273\"><span class=\"hover:entity-accent entity-underline inline cursor-pointer align-baseline\"><span class=\"whitespace-normal\">Neige et Plein Air<\/span><\/span><\/strong> \u00e0 Lamoura<br data-start=\"3283\" data-end=\"3286\" \/>\u2714 La taxe de s\u00e9jour<br data-start=\"3305\" data-end=\"3308\" \/>\u2714 Les visites et entr\u00e9es mentionn\u00e9es au programme<br data-start=\"3357\" data-end=\"3360\" \/>\u2714 Le guide accompagnateur pendant le s\u00e9jour<br data-start=\"3403\" data-end=\"3406\" \/>\u2714 Les restaurants sur les trajets aller \/ retour<br data-start=\"3454\" data-end=\"3457\" \/>\u2714 L\u2019assurance annulation<\/p><h4 data-start=\"3490\" data-end=\"3520\"><strong>\ud83d\udeab Le prix ne comprend pas :<\/strong><\/h4><p data-start=\"3522\" data-end=\"3670\">\u274c Le suppl\u00e9ment chambre individuelle (13,50 \u20ac par jour)<br data-start=\"3577\" data-end=\"3580\" \/>\u274c Les d\u00e9penses personnelles<br data-start=\"3607\" data-end=\"3610\" \/>\u274c Les consommations non comprises dans la pension compl\u00e8te<\/p><p data-start=\"3677\" data-end=\"3836\"><strong>\ud83c\udf32 Un s\u00e9jour complet entre nature, patrimoine et gastronomie jurassienne !<\/strong><br data-start=\"3751\" data-end=\"3754\" \/>\u2728 <a href=\"https:\/\/transportsdossat.com\/?page_id=114\">R\u00e9servez votre place<\/a> et laissez-vous s\u00e9duire par l\u2019authenticit\u00e9 du Haut-Jura !<\/p>\t\t\t\t\t\t\t\t<\/div>\n\t\t\t\t<\/div>\n\t\t\t\t\t<\/div>\n\t\t\t\t<\/div>\n\t\t<div class=\"elementor-element elementor-element-78f2fed e-flex e-con-boxed e-con e-parent\" data-id=\"78f2fed\" data-element_type=\"container\" data-e-type=\"container\">\n\t\t\t\t\t<div class=\"e-con-inner\">\n\t\t\t\t<div class=\"elementor-element elementor-element-3e39b54 elementor-align-center elementor-widget__width-initial elementor-widget elementor-widget-button\" data-id=\"3e39b54\" data-element_type=\"widget\" data-e-type=\"widget\" data-widget_type=\"button.default\">\n\t\t\t\t<div class=\"elementor-widget-container\">\n\t\t\t\t\t\t\t\t\t<div class=\"elementor-button-wrapper\">\n\t\t\t\t\t<a class=\"elementor-button elementor-button-link elementor-size-sm\" href=\"https:\/\/transportsdossat.com\/?page_id=114\">\n\t\t\t\t\t\t<span class=\"elementor-button-content-wrapper\">\n\t\t\t\t\t\t\t\t\t<span class=\"elementor-button-text\">JE R\u00c9SERVE<\/span>\n\t\t\t\t\t<\/span>\n\t\t\t\t\t<\/a>\n\t\t\t\t<\/div>\n\t\t\t\t\t\t\t\t<\/div>\n\t\t\t\t<\/div>\n\t\t\t\t\t<\/div>\n\t\t\t\t<\/div>\n\t\t\t\t<\/div>\n\t\t","protected":false},"excerpt":{"rendered":"<p>\ud83c\udf32 S\u00e9jour Nature &amp; Traditions au C\u0153ur du Jura ! \u2728 Partez pour 6 jours d\u2019\u00e9vasion entre cascades majestueuses, villages [&hellip;]<\/p>\n","protected":false},"author":260684300,"featured_media":0,"parent":0,"menu_order":0,"comment_status":"closed","ping_status":"closed","template":"","meta":{"_crdt_document":"","site-sidebar-layout":"no-sidebar","site-content-layout":"","ast-site-content-layout":"full-width-container","site-content-style":"default","site-sidebar-style":"default","ast-global-header-display":"","ast-banner-title-visibility":"","ast-main-header-display":"","ast-hfb-above-header-display":"","ast-hfb-below-header-display":"","ast-hfb-mobile-header-display":"","site-post-title":"disabled","ast-breadcrumbs-content":"","ast-featured-img":"disabled","footer-sml-layout":"","ast-disable-related-posts":"","theme-transparent-header-meta":"","adv-header-id-meta":"","stick-header-meta":"","header-above-stick-meta":"","header-main-stick-meta":"","header-below-stick-meta":"","astra-migrate-meta-layouts":"default","ast-page-background-enabled":"default","ast-page-background-meta":{"desktop":{"background-color":"var(--ast-global-color-5)","background-image":"","background-repeat":"repeat","background-position":"center center","background-size":"auto","background-attachment":"scroll","background-type":"","background-media":"","overlay-type":"","overlay-color":"","overlay-opacity":"","overlay-gradient":""},"tablet":{"background-color":"","background-image":"","background-repeat":"repeat","background-position":"center center","background-size":"auto","background-attachment":"scroll","background-type":"","background-media":"","overlay-type":"","overlay-color":"","overlay-opacity":"","overlay-gradient":""},"mobile":{"background-color":"","background-image":"","background-repeat":"repeat","background-position":"center center","background-size":"auto","background-attachment":"scroll","background-type":"","background-media":"","overlay-type":"","overlay-color":"","overlay-opacity":"","overlay-gradient":""}},"ast-content-background-meta":{"desktop":{"background-color":"var(--ast-global-color-4)","background-image":"","background-repeat":"repeat","background-position":"center center","background-size":"auto","background-attachment":"scroll","background-type":"","background-media":"","overlay-type":"","overlay-color":"","overlay-opacity":"","overlay-gradient":""},"tablet":{"background-color":"var(--ast-global-color-4)","background-image":"","background-repeat":"repeat","background-position":"center center","background-size":"auto","background-attachment":"scroll","background-type":"","background-media":"","overlay-type":"","overlay-color":"","overlay-opacity":"","overlay-gradient":""},"mobile":{"background-color":"var(--ast-global-color-4)","background-image":"","background-repeat":"repeat","background-position":"center center","background-size":"auto","background-attachment":"scroll","background-type":"","background-media":"","overlay-type":"","overlay-color":"","overlay-opacity":"","overlay-gradient":""}},"advanced_seo_description":"","jetpack_seo_html_title":"","jetpack_seo_noindex":false,"footnotes":""},"class_list":["post-2237","page","type-page","status-publish","hentry"],"jetpack_sharing_enabled":true,"jetpack_likes_enabled":true,"jetpack_shortlink":"https:\/\/wp.me\/PghPof-A5","_links":{"self":[{"href":"https:\/\/transportsdossat.com\/index.php?rest_route=\/wp\/v2\/pages\/2237","targetHints":{"allow":["GET"]}}],"collection":[{"href":"https:\/\/transportsdossat.com\/index.php?rest_route=\/wp\/v2\/pages"}],"about":[{"href":"https:\/\/transportsdossat.com\/index.php?rest_route=\/wp\/v2\/types\/page"}],"author":[{"embeddable":true,"href":"https:\/\/transportsdossat.com\/index.php?rest_route=\/wp\/v2\/users\/260684300"}],"replies":[{"embeddable":true,"href":"https:\/\/transportsdossat.com\/index.php?rest_route=%2Fwp%2Fv2%2Fcomments&post=2237"}],"version-history":[{"count":9,"href":"https:\/\/transportsdossat.com\/index.php?rest_route=\/wp\/v2\/pages\/2237\/revisions"}],"predecessor-version":[{"id":2252,"href":"https:\/\/transportsdossat.com\/index.php?rest_route=\/wp\/v2\/pages\/2237\/revisions\/2252"}],"wp:attachment":[{"href":"https:\/\/transportsdossat.com\/index.php?rest_route=%2Fwp%2Fv2%2Fmedia&parent=2237"}],"curies":[{"name":"wp","href":"https:\/\/api.w.org\/{rel}","templated":true}]}}