{"id":2188,"date":"2026-01-15T11:36:48","date_gmt":"2026-01-15T10:36:48","guid":{"rendered":"https:\/\/transportsdossat.com\/?page_id=2188"},"modified":"2026-01-15T11:36:52","modified_gmt":"2026-01-15T10:36:52","slug":"match-pau-clermont","status":"publish","type":"page","link":"https:\/\/transportsdossat.com\/?page_id=2188","title":{"rendered":"Match Pau\/Clermont"},"content":{"rendered":"\t\t<div data-elementor-type=\"wp-page\" data-elementor-id=\"2188\" class=\"elementor elementor-2188\">\n\t\t\t\t<div class=\"elementor-element elementor-element-38a4b27 e-flex e-con-boxed e-con e-parent\" data-id=\"38a4b27\" data-element_type=\"container\" data-e-type=\"container\">\n\t\t\t\t\t<div class=\"e-con-inner\">\n\t\t\t\t<div class=\"elementor-element elementor-element-d1f3852 elementor-arrows-position-inside elementor-pagination-position-outside elementor-widget elementor-widget-image-carousel\" data-id=\"d1f3852\" data-element_type=\"widget\" data-e-type=\"widget\" data-settings=\"{&quot;navigation&quot;:&quot;both&quot;,&quot;autoplay&quot;:&quot;yes&quot;,&quot;pause_on_hover&quot;:&quot;yes&quot;,&quot;pause_on_interaction&quot;:&quot;yes&quot;,&quot;autoplay_speed&quot;:5000,&quot;infinite&quot;:&quot;yes&quot;,&quot;speed&quot;:500}\" data-widget_type=\"image-carousel.default\">\n\t\t\t\t<div class=\"elementor-widget-container\">\n\t\t\t\t\t\t\t<div class=\"elementor-image-carousel-wrapper swiper\" role=\"region\" aria-roledescription=\"carousel\" aria-label=\"Carrousel d\u2019images\" dir=\"ltr\">\n\t\t\t<div class=\"elementor-image-carousel swiper-wrapper\" aria-live=\"off\">\n\t\t\t\t\t\t\t\t<div class=\"swiper-slide\" role=\"group\" aria-roledescription=\"slide\" aria-label=\"1 sur 4\"><figure class=\"swiper-slide-inner\"><img decoding=\"async\" class=\"swiper-slide-image\" src=\"https:\/\/transportsdossat.com\/wp-content\/uploads\/2026\/01\/Sans-titre-1024-x-786-px-68-1.png\" alt=\"Match pau vs clermont\" \/><\/figure><\/div><div class=\"swiper-slide\" role=\"group\" aria-roledescription=\"slide\" aria-label=\"2 sur 4\"><figure class=\"swiper-slide-inner\"><img decoding=\"async\" class=\"swiper-slide-image\" src=\"https:\/\/transportsdossat.com\/wp-content\/uploads\/2026\/01\/Sans-titre-1024-x-786-px-76.png\" alt=\"Match pau vs clermont\" \/><\/figure><\/div><div class=\"swiper-slide\" role=\"group\" aria-roledescription=\"slide\" aria-label=\"3 sur 4\"><figure class=\"swiper-slide-inner\"><img decoding=\"async\" class=\"swiper-slide-image\" src=\"https:\/\/transportsdossat.com\/wp-content\/uploads\/2026\/01\/Sans-titre-1024-x-786-px-77.png\" alt=\"Match pau vs clermont\" \/><\/figure><\/div><div class=\"swiper-slide\" role=\"group\" aria-roledescription=\"slide\" aria-label=\"4 sur 4\"><figure class=\"swiper-slide-inner\"><img decoding=\"async\" class=\"swiper-slide-image\" src=\"https:\/\/transportsdossat.com\/wp-content\/uploads\/2026\/01\/Sans-titre-1024-x-786-px-78.png\" alt=\"Match pau vs clermont\" \/><\/figure><\/div>\t\t\t<\/div>\n\t\t\t\t\t\t\t\t\t\t\t\t<div class=\"elementor-swiper-button elementor-swiper-button-prev\" role=\"button\" tabindex=\"0\">\n\t\t\t\t\t\t<svg aria-hidden=\"true\" class=\"e-font-icon-svg e-eicon-chevron-left\" viewBox=\"0 0 1000 1000\" xmlns=\"http:\/\/www.w3.org\/2000\/svg\"><path d=\"M646 125C629 125 613 133 604 142L308 442C296 454 292 471 292 487 292 504 296 521 308 533L604 854C617 867 629 875 646 875 663 875 679 871 692 858 704 846 713 829 713 812 713 796 708 779 692 767L438 487 692 225C700 217 708 204 708 187 708 171 704 154 692 142 675 129 663 125 646 125Z\"><\/path><\/svg>\t\t\t\t\t<\/div>\n\t\t\t\t\t<div class=\"elementor-swiper-button elementor-swiper-button-next\" role=\"button\" tabindex=\"0\">\n\t\t\t\t\t\t<svg aria-hidden=\"true\" class=\"e-font-icon-svg e-eicon-chevron-right\" viewBox=\"0 0 1000 1000\" xmlns=\"http:\/\/www.w3.org\/2000\/svg\"><path d=\"M696 533C708 521 713 504 713 487 713 471 708 454 696 446L400 146C388 133 375 125 354 125 338 125 325 129 313 142 300 154 292 171 292 187 292 204 296 221 308 233L563 492 304 771C292 783 288 800 288 817 288 833 296 850 308 863 321 871 338 875 354 875 371 875 388 867 400 854L696 533Z\"><\/path><\/svg>\t\t\t\t\t<\/div>\n\t\t\t\t\n\t\t\t\t\t\t\t\t\t<div class=\"swiper-pagination\"><\/div>\n\t\t\t\t\t\t\t\t\t<\/div>\n\t\t\t\t\t\t<\/div>\n\t\t\t\t<\/div>\n\t\t\t\t\t<\/div>\n\t\t\t\t<\/div>\n\t\t<div class=\"elementor-element elementor-element-1026097 e-flex e-con-boxed e-con e-parent\" data-id=\"1026097\" data-element_type=\"container\" data-e-type=\"container\">\n\t\t\t\t\t<div class=\"e-con-inner\">\n\t\t\t\t<div class=\"elementor-element elementor-element-6aca2a9 elementor-widget elementor-widget-text-editor\" data-id=\"6aca2a9\" data-element_type=\"widget\" data-e-type=\"widget\" data-widget_type=\"text-editor.default\">\n\t\t\t\t<div class=\"elementor-widget-container\">\n\t\t\t\t\t\t\t\t\t<h3 data-start=\"110\" data-end=\"173\">\ud83c\udfc9 <strong data-start=\"113\" data-end=\"173\">Sortie rugby \u00e0 Pau \u2013 Vivez le match au Stade du Hameau !<\/strong><\/h3><p data-start=\"175\" data-end=\"375\">Et si vous terminiez la saison en beaut\u00e9 avec une grande affiche de rugby ?<\/p><p data-start=\"377\" data-end=\"613\">La <strong data-start=\"380\" data-end=\"395\">SARL Dossat<\/strong> vous propose une sortie en autocar pour assister \u00e0 une rencontre de haut niveau au <strong data-start=\"479\" data-end=\"504\">Stade du Hameau \u00e0 Pau<\/strong>, avec l\u2019affiche opposant la <span class=\"hover:entity-accent entity-underline inline cursor-pointer align-baseline\"><span class=\"whitespace-normal\">Section Paloise<\/span><\/span> \u00e0 l\u2019<span class=\"hover:entity-accent entity-underline inline cursor-pointer align-baseline\"><span class=\"whitespace-normal\">ASM Clermont Auvergne<\/span><\/span>.<\/p><p data-start=\"615\" data-end=\"723\">\ud83d\udd25 <strong data-start=\"618\" data-end=\"723\">Un duel intense, une ferveur incomparable et une soir\u00e9e riche en \u00e9motions\u2026 pr\u00eats \u00e0 vibrer avec nous ?<\/strong><\/p><p data-start=\"725\" data-end=\"865\">\ud83c\udfdf\ufe0f <strong data-start=\"729\" data-end=\"741\">Le match<\/strong><br data-start=\"741\" data-end=\"744\" \/>\ud83d\udcc5 Week-end du 16 \/ 17 mai<br data-start=\"774\" data-end=\"777\" \/>\u23f0 Date et horaire : \u00e0 pr\u00e9ciser<br data-start=\"811\" data-end=\"814\" \/>\ud83d\udccd Lieu : <span class=\"hover:entity-accent entity-underline inline cursor-pointer align-baseline\"><span class=\"whitespace-normal\">Stade du Hameau<\/span><\/span><\/p><p data-start=\"867\" data-end=\"1023\">\ud83d\ude8d <strong data-start=\"870\" data-end=\"901\">Sortie organis\u00e9e en autocar<\/strong><br data-start=\"901\" data-end=\"904\" \/>Une organisation conviviale pour vivre pleinement l\u2019\u00e9v\u00e9nement, dans une ambiance chaleureuse du d\u00e9part jusqu\u2019au retour.<\/p><p data-start=\"1025\" data-end=\"1261\">\ud83e\udd6a <strong data-start=\"1028\" data-end=\"1065\">Et pour bien commencer la soir\u00e9e\u2026<\/strong><br data-start=\"1065\" data-end=\"1068\" \/>Envie de partager un moment convivial avant le coup d\u2019envoi ?<br data-start=\"1129\" data-end=\"1132\" \/>\ud83d\udc49 Une option pique-nique \u00e0 10 \u20ac par personne vous est propos\u00e9e, parfaite pour se mettre dans l\u2019ambiance avant d\u2019entrer au stade.<\/p><p data-start=\"1263\" data-end=\"1400\">\ud83c\udf9f\ufe0f <strong data-start=\"1267\" data-end=\"1293\">Informations pratiques<\/strong><br data-start=\"1293\" data-end=\"1296\" \/>\ud83d\udcb6 Tarif : communiqu\u00e9 prochainement<br data-start=\"1335\" data-end=\"1338\" \/>\ud83d\udd52 Horaires et lieux de d\u00e9part : communiqu\u00e9s prochainement<\/p><p data-start=\"1402\" data-end=\"1450\">\ud83d\ude8d <strong data-start=\"1405\" data-end=\"1450\">Retour pr\u00e9vu apr\u00e8s la fin de la rencontre<\/strong><\/p><p data-start=\"1452\" data-end=\"1635\">\ud83d\udce2 <strong data-start=\"1455\" data-end=\"1505\">Envie de vivre une grande soir\u00e9e rugby \u00e0 Pau ?<\/strong><br data-start=\"1505\" data-end=\"1508\" \/>Entre amis, en famille ou entre passionn\u00e9s, rejoignez-nous pour un moment sportif et convivial au c\u0153ur du rugby de haut niveau.<\/p><p data-start=\"1637\" data-end=\"1684\"><a href=\"https:\/\/transportsdossat.com\/?page_id=114\">\ud83d\udc49 <strong data-start=\"1640\" data-end=\"1684\">R\u00e9servez votre place d\u00e8s maintenant !<\/strong><\/a><\/p>\t\t\t\t\t\t\t\t<\/div>\n\t\t\t\t<\/div>\n\t\t\t\t\t<\/div>\n\t\t\t\t<\/div>\n\t\t<div class=\"elementor-element elementor-element-ae9d87e e-flex e-con-boxed e-con e-parent\" data-id=\"ae9d87e\" data-element_type=\"container\" data-e-type=\"container\">\n\t\t\t\t\t<div class=\"e-con-inner\">\n\t\t\t\t<div class=\"elementor-element elementor-element-3f28cc0 elementor-align-center elementor-widget__width-initial elementor-widget elementor-widget-button\" data-id=\"3f28cc0\" data-element_type=\"widget\" data-e-type=\"widget\" data-widget_type=\"button.default\">\n\t\t\t\t<div class=\"elementor-widget-container\">\n\t\t\t\t\t\t\t\t\t<div class=\"elementor-button-wrapper\">\n\t\t\t\t\t<a class=\"elementor-button elementor-button-link elementor-size-sm\" href=\"https:\/\/transportsdossat.com\/?page_id=114\">\n\t\t\t\t\t\t<span class=\"elementor-button-content-wrapper\">\n\t\t\t\t\t\t\t\t\t<span class=\"elementor-button-text\">JE R\u00c9SERVE<\/span>\n\t\t\t\t\t<\/span>\n\t\t\t\t\t<\/a>\n\t\t\t\t<\/div>\n\t\t\t\t\t\t\t\t<\/div>\n\t\t\t\t<\/div>\n\t\t\t\t\t<\/div>\n\t\t\t\t<\/div>\n\t\t\t\t<\/div>\n\t\t","protected":false},"excerpt":{"rendered":"<p>\ud83c\udfc9 Sortie rugby \u00e0 Pau \u2013 Vivez le match au Stade du Hameau ! Et si vous terminiez la saison [&hellip;]<\/p>\n","protected":false},"author":260684300,"featured_media":0,"parent":0,"menu_order":0,"comment_status":"closed","ping_status":"closed","template":"","meta":{"_crdt_document":"","site-sidebar-layout":"no-sidebar","site-content-layout":"","ast-site-content-layout":"full-width-container","site-content-style":"default","site-sidebar-style":"default","ast-global-header-display":"","ast-banner-title-visibility":"","ast-main-header-display":"","ast-hfb-above-header-display":"","ast-hfb-below-header-display":"","ast-hfb-mobile-header-display":"","site-post-title":"disabled","ast-breadcrumbs-content":"","ast-featured-img":"disabled","footer-sml-layout":"","ast-disable-related-posts":"","theme-transparent-header-meta":"","adv-header-id-meta":"","stick-header-meta":"","header-above-stick-meta":"","header-main-stick-meta":"","header-below-stick-meta":"","astra-migrate-meta-layouts":"default","ast-page-background-enabled":"default","ast-page-background-meta":{"desktop":{"background-color":"var(--ast-global-color-5)","background-image":"","background-repeat":"repeat","background-position":"center center","background-size":"auto","background-attachment":"scroll","background-type":"","background-media":"","overlay-type":"","overlay-color":"","overlay-opacity":"","overlay-gradient":""},"tablet":{"background-color":"","background-image":"","background-repeat":"repeat","background-position":"center center","background-size":"auto","background-attachment":"scroll","background-type":"","background-media":"","overlay-type":"","overlay-color":"","overlay-opacity":"","overlay-gradient":""},"mobile":{"background-color":"","background-image":"","background-repeat":"repeat","background-position":"center center","background-size":"auto","background-attachment":"scroll","background-type":"","background-media":"","overlay-type":"","overlay-color":"","overlay-opacity":"","overlay-gradient":""}},"ast-content-background-meta":{"desktop":{"background-color":"var(--ast-global-color-4)","background-image":"","background-repeat":"repeat","background-position":"center center","background-size":"auto","background-attachment":"scroll","background-type":"","background-media":"","overlay-type":"","overlay-color":"","overlay-opacity":"","overlay-gradient":""},"tablet":{"background-color":"var(--ast-global-color-4)","background-image":"","background-repeat":"repeat","background-position":"center center","background-size":"auto","background-attachment":"scroll","background-type":"","background-media":"","overlay-type":"","overlay-color":"","overlay-opacity":"","overlay-gradient":""},"mobile":{"background-color":"var(--ast-global-color-4)","background-image":"","background-repeat":"repeat","background-position":"center center","background-size":"auto","background-attachment":"scroll","background-type":"","background-media":"","overlay-type":"","overlay-color":"","overlay-opacity":"","overlay-gradient":""}},"advanced_seo_description":"","jetpack_seo_html_title":"","jetpack_seo_noindex":false,"footnotes":""},"class_list":["post-2188","page","type-page","status-publish","hentry"],"jetpack_sharing_enabled":true,"jetpack_likes_enabled":true,"jetpack_shortlink":"https:\/\/wp.me\/PghPof-zi","_links":{"self":[{"href":"https:\/\/transportsdossat.com\/index.php?rest_route=\/wp\/v2\/pages\/2188","targetHints":{"allow":["GET"]}}],"collection":[{"href":"https:\/\/transportsdossat.com\/index.php?rest_route=\/wp\/v2\/pages"}],"about":[{"href":"https:\/\/transportsdossat.com\/index.php?rest_route=\/wp\/v2\/types\/page"}],"author":[{"embeddable":true,"href":"https:\/\/transportsdossat.com\/index.php?rest_route=\/wp\/v2\/users\/260684300"}],"replies":[{"embeddable":true,"href":"https:\/\/transportsdossat.com\/index.php?rest_route=%2Fwp%2Fv2%2Fcomments&post=2188"}],"version-history":[{"count":7,"href":"https:\/\/transportsdossat.com\/index.php?rest_route=\/wp\/v2\/pages\/2188\/revisions"}],"predecessor-version":[{"id":2199,"href":"https:\/\/transportsdossat.com\/index.php?rest_route=\/wp\/v2\/pages\/2188\/revisions\/2199"}],"wp:attachment":[{"href":"https:\/\/transportsdossat.com\/index.php?rest_route=%2Fwp%2Fv2%2Fmedia&parent=2188"}],"curies":[{"name":"wp","href":"https:\/\/api.w.org\/{rel}","templated":true}]}}