{"id":2047,"date":"2025-12-26T17:46:25","date_gmt":"2025-12-26T16:46:25","guid":{"rendered":"https:\/\/transportsdossat.com\/?page_id=2047"},"modified":"2025-12-26T17:56:19","modified_gmt":"2025-12-26T16:56:19","slug":"journee-a-mirepoix","status":"publish","type":"page","link":"https:\/\/transportsdossat.com\/?page_id=2047","title":{"rendered":"Journ\u00e9e \u00e0 Mirepoix"},"content":{"rendered":"\t\t<div data-elementor-type=\"wp-page\" data-elementor-id=\"2047\" class=\"elementor elementor-2047\">\n\t\t\t\t<div class=\"elementor-element elementor-element-c2fad5a e-flex e-con-boxed e-con e-parent\" data-id=\"c2fad5a\" data-element_type=\"container\" data-e-type=\"container\">\n\t\t\t\t\t<div class=\"e-con-inner\">\n\t\t\t\t<div class=\"elementor-element elementor-element-fe2799e elementor-arrows-position-inside elementor-pagination-position-outside elementor-widget elementor-widget-image-carousel\" data-id=\"fe2799e\" data-element_type=\"widget\" data-e-type=\"widget\" data-settings=\"{&quot;navigation&quot;:&quot;both&quot;,&quot;autoplay&quot;:&quot;yes&quot;,&quot;pause_on_hover&quot;:&quot;yes&quot;,&quot;pause_on_interaction&quot;:&quot;yes&quot;,&quot;autoplay_speed&quot;:5000,&quot;infinite&quot;:&quot;yes&quot;,&quot;speed&quot;:500}\" data-widget_type=\"image-carousel.default\">\n\t\t\t\t<div class=\"elementor-widget-container\">\n\t\t\t\t\t\t\t<div class=\"elementor-image-carousel-wrapper swiper\" role=\"region\" aria-roledescription=\"carousel\" aria-label=\"Carrousel d\u2019images\" dir=\"ltr\">\n\t\t\t<div class=\"elementor-image-carousel swiper-wrapper\" aria-live=\"off\">\n\t\t\t\t\t\t\t\t<div class=\"swiper-slide\" role=\"group\" aria-roledescription=\"slide\" aria-label=\"1 sur 4\"><figure class=\"swiper-slide-inner\"><img decoding=\"async\" class=\"swiper-slide-image\" src=\"https:\/\/transportsdossat.com\/wp-content\/uploads\/2025\/12\/Sans-titre-1024-x-786-px-53.png\" alt=\"JOURN\u00c9E \u00c0 MIREPOIX\" \/><\/figure><\/div><div class=\"swiper-slide\" role=\"group\" aria-roledescription=\"slide\" aria-label=\"2 sur 4\"><figure class=\"swiper-slide-inner\"><img decoding=\"async\" class=\"swiper-slide-image\" src=\"https:\/\/transportsdossat.com\/wp-content\/uploads\/2025\/12\/Sans-titre-1024-x-786-px-54.png\" alt=\"JOURN\u00c9E \u00c0 MIREPOIX\" \/><\/figure><\/div><div class=\"swiper-slide\" role=\"group\" aria-roledescription=\"slide\" aria-label=\"3 sur 4\"><figure class=\"swiper-slide-inner\"><img decoding=\"async\" class=\"swiper-slide-image\" src=\"https:\/\/transportsdossat.com\/wp-content\/uploads\/2025\/12\/Sans-titre-1024-x-786-px-55.png\" alt=\"JOURN\u00c9E \u00c0 MIREPOIX\" \/><\/figure><\/div><div class=\"swiper-slide\" role=\"group\" aria-roledescription=\"slide\" aria-label=\"4 sur 4\"><figure class=\"swiper-slide-inner\"><img decoding=\"async\" class=\"swiper-slide-image\" src=\"https:\/\/transportsdossat.com\/wp-content\/uploads\/2025\/12\/Sans-titre-1024-x-786-px-56.png\" alt=\"JOURN\u00c9E \u00c0 MIREPOIX\" \/><\/figure><\/div>\t\t\t<\/div>\n\t\t\t\t\t\t\t\t\t\t\t\t<div class=\"elementor-swiper-button elementor-swiper-button-prev\" role=\"button\" tabindex=\"0\">\n\t\t\t\t\t\t<svg aria-hidden=\"true\" class=\"e-font-icon-svg e-eicon-chevron-left\" viewBox=\"0 0 1000 1000\" xmlns=\"http:\/\/www.w3.org\/2000\/svg\"><path d=\"M646 125C629 125 613 133 604 142L308 442C296 454 292 471 292 487 292 504 296 521 308 533L604 854C617 867 629 875 646 875 663 875 679 871 692 858 704 846 713 829 713 812 713 796 708 779 692 767L438 487 692 225C700 217 708 204 708 187 708 171 704 154 692 142 675 129 663 125 646 125Z\"><\/path><\/svg>\t\t\t\t\t<\/div>\n\t\t\t\t\t<div class=\"elementor-swiper-button elementor-swiper-button-next\" role=\"button\" tabindex=\"0\">\n\t\t\t\t\t\t<svg aria-hidden=\"true\" class=\"e-font-icon-svg e-eicon-chevron-right\" viewBox=\"0 0 1000 1000\" xmlns=\"http:\/\/www.w3.org\/2000\/svg\"><path d=\"M696 533C708 521 713 504 713 487 713 471 708 454 696 446L400 146C388 133 375 125 354 125 338 125 325 129 313 142 300 154 292 171 292 187 292 204 296 221 308 233L563 492 304 771C292 783 288 800 288 817 288 833 296 850 308 863 321 871 338 875 354 875 371 875 388 867 400 854L696 533Z\"><\/path><\/svg>\t\t\t\t\t<\/div>\n\t\t\t\t\n\t\t\t\t\t\t\t\t\t<div class=\"swiper-pagination\"><\/div>\n\t\t\t\t\t\t\t\t\t<\/div>\n\t\t\t\t\t\t<\/div>\n\t\t\t\t<\/div>\n\t\t\t\t\t<\/div>\n\t\t\t\t<\/div>\n\t\t<div class=\"elementor-element elementor-element-84e0f12 e-flex e-con-boxed e-con e-parent\" data-id=\"84e0f12\" data-element_type=\"container\" data-e-type=\"container\">\n\t\t\t\t\t<div class=\"e-con-inner\">\n\t\t\t\t<div class=\"elementor-element elementor-element-db4cad3 elementor-widget elementor-widget-text-editor\" data-id=\"db4cad3\" data-element_type=\"widget\" data-e-type=\"widget\" data-widget_type=\"text-editor.default\">\n\t\t\t\t<div class=\"elementor-widget-container\">\n\t\t\t\t\t\t\t\t\t<h3 data-start=\"0\" data-end=\"74\">\ud83c\udfd8\ufe0f <strong data-start=\"4\" data-end=\"74\">Journ\u00e9e \u00e0 Mirepoix &amp; Camon \u2013 Charme et patrimoine en terre cathare<\/strong><\/h3><p data-start=\"76\" data-end=\"331\">Partez pour une journ\u00e9e pleine de charme \u00e0 la d\u00e9couverte de <strong data-start=\"136\" data-end=\"177\"><span class=\"hover:entity-accent entity-underline inline cursor-pointer align-baseline\"><span class=\"whitespace-normal\">Mirepoix<\/span><\/span><\/strong> et de <strong data-start=\"184\" data-end=\"225\"><span class=\"hover:entity-accent entity-underline inline cursor-pointer align-baseline\"><span class=\"whitespace-normal\">Camon<\/span><\/span><\/strong>, deux joyaux du sud-ouest o\u00f9 histoire, patrimoine m\u00e9di\u00e9val et douceur de vivre se conjuguent \u00e0 merveille.<\/p><p data-start=\"333\" data-end=\"452\">\ud83d\ude8c <strong data-start=\"336\" data-end=\"360\">D\u00e9parts en autocar :<\/strong><br data-start=\"360\" data-end=\"363\" \/>\ud83d\udd56 7h00 \u2013 <strong data-start=\"373\" data-end=\"391\">Trie-sur-Ba\u00efse<\/strong><br data-start=\"391\" data-end=\"394\" \/>\ud83d\udd56 7h15 \u2013 <strong data-start=\"404\" data-end=\"425\">Castelnau-Magnoac<\/strong><br data-start=\"425\" data-end=\"428\" \/>\ud83d\udd62 7h40 \u2013 <strong data-start=\"438\" data-end=\"452\">Lannemezan<\/strong><\/p><p data-start=\"494\" data-end=\"746\">\ud83d\udeb6\u200d\u2640\ufe0f Visite guid\u00e9e de <strong data-start=\"517\" data-end=\"558\"><span class=\"hover:entity-accent entity-underline inline cursor-pointer align-baseline\"><span class=\"whitespace-normal\">Mirepoix<\/span><\/span><\/strong>, c\u00e9l\u00e8bre pour sa splendide place centrale bord\u00e9e de maisons \u00e0 colombages. D\u00e9couvrez son riche patrimoine m\u00e9di\u00e9val, sa cath\u00e9drale et l\u2019histoire de cette bastide embl\u00e9matique de l\u2019Ari\u00e8ge.<\/p><p data-start=\"748\" data-end=\"775\">\ud83c\udf7d\ufe0f <strong data-start=\"752\" data-end=\"775\">D\u00e9jeuner gourmand :<\/strong><\/p><p data-start=\"777\" data-end=\"932\">12h30 \u2013 D\u00e9jeuner au restaurant <strong data-start=\"808\" data-end=\"825\">Les Minotiers<\/strong>,<br data-start=\"826\" data-end=\"829\" \/>dans un cadre raffin\u00e9, pour savourer une cuisine gourmande mettant \u00e0 l\u2019honneur les produits du terroir.<\/p><p data-start=\"934\" data-end=\"985\">\ud83c\udff0 <strong data-start=\"937\" data-end=\"985\">Apr\u00e8s-midi \u2013 Plus Beaux Villages de France :<\/strong><\/p><p data-start=\"987\" data-end=\"1250\">\ud83d\udeb6\u200d\u2642\ufe0f Visite guid\u00e9e de <strong data-start=\"1010\" data-end=\"1051\"><span class=\"hover:entity-accent entity-underline inline cursor-pointer align-baseline\"><span class=\"whitespace-normal\">Camon<\/span><\/span><\/strong>, class\u00e9 parmi <em data-start=\"1068\" data-end=\"1103\">Les Plus Beaux Villages de France<\/em>. Laissez-vous s\u00e9duire par ses ruelles fleuries, son atmosph\u00e8re paisible et son remarquable patrimoine, notamment son abbaye qui domine le village.<\/p><p data-start=\"1277\" data-end=\"1408\">\ud83d\ude8d Retour en fin d\u2019apr\u00e8s-midi<\/p><p data-start=\"1410\" data-end=\"1608\">\ud83d\udcb0 <strong data-start=\"1413\" data-end=\"1456\">Tarifs par personne (prix d\u00e9gressifs) :<\/strong><br data-start=\"1456\" data-end=\"1459\" \/>\ud83d\udc49 Base <strong data-start=\"1467\" data-end=\"1483\">20 personnes<\/strong> : <strong data-start=\"1486\" data-end=\"1494\">95 \u20ac<\/strong><br data-start=\"1494\" data-end=\"1497\" \/>\ud83d\udc49 Base <strong data-start=\"1505\" data-end=\"1521\">30 personnes<\/strong> : <strong data-start=\"1524\" data-end=\"1532\">78 \u20ac<\/strong><br data-start=\"1532\" data-end=\"1535\" \/>\ud83d\udc49 Base <strong data-start=\"1543\" data-end=\"1559\">40 personnes<\/strong> : <strong data-start=\"1562\" data-end=\"1570\">69 \u20ac<\/strong><br data-start=\"1570\" data-end=\"1573\" \/>\ud83d\udc49 Base <strong data-start=\"1581\" data-end=\"1597\">50 personnes<\/strong> : <strong data-start=\"1600\" data-end=\"1608\">64 \u20ac<\/strong><\/p><p data-start=\"1610\" data-end=\"1836\" data-is-last-node=\"\" data-is-only-node=\"\">\ud83c\udf9f\ufe0f <strong data-start=\"1614\" data-end=\"1660\">Une journ\u00e9e culturelle et pleine de charme<\/strong>, propos\u00e9e par la <strong data-start=\"1678\" data-end=\"1693\">SARL Dossat<\/strong>, id\u00e9ale pour les amoureux de patrimoine et d\u2019authenticit\u00e9.<br data-start=\"1752\" data-end=\"1755\" \/>\ud83d\udcc5 <strong data-start=\"1758\" data-end=\"1833\"><a href=\"https:\/\/transportsdossat.com\/?page_id=114\">R\u00e9servez d\u00e8s maintenant<\/a> et laissez-vous s\u00e9duire par Mirepoix et Camon !<\/strong> \ud83c\udf3f<\/p>\t\t\t\t\t\t\t\t<\/div>\n\t\t\t\t<\/div>\n\t\t\t\t\t<\/div>\n\t\t\t\t<\/div>\n\t\t<div class=\"elementor-element elementor-element-609afa6 e-flex e-con-boxed e-con e-parent\" data-id=\"609afa6\" data-element_type=\"container\" data-e-type=\"container\">\n\t\t\t\t\t<div class=\"e-con-inner\">\n\t\t\t\t<div class=\"elementor-element elementor-element-f8baa53 elementor-align-center elementor-widget__width-initial elementor-widget elementor-widget-button\" data-id=\"f8baa53\" data-element_type=\"widget\" data-e-type=\"widget\" data-widget_type=\"button.default\">\n\t\t\t\t<div class=\"elementor-widget-container\">\n\t\t\t\t\t\t\t\t\t<div class=\"elementor-button-wrapper\">\n\t\t\t\t\t<a class=\"elementor-button elementor-button-link elementor-size-sm\" href=\"https:\/\/transportsdossat.com\/?page_id=114\">\n\t\t\t\t\t\t<span class=\"elementor-button-content-wrapper\">\n\t\t\t\t\t\t\t\t\t<span class=\"elementor-button-text\">Cliquez ici<\/span>\n\t\t\t\t\t<\/span>\n\t\t\t\t\t<\/a>\n\t\t\t\t<\/div>\n\t\t\t\t\t\t\t\t<\/div>\n\t\t\t\t<\/div>\n\t\t\t\t\t<\/div>\n\t\t\t\t<\/div>\n\t\t\t\t<\/div>\n\t\t","protected":false},"excerpt":{"rendered":"<p>\ud83c\udfd8\ufe0f Journ\u00e9e \u00e0 Mirepoix &amp; Camon \u2013 Charme et patrimoine en terre cathare Partez pour une journ\u00e9e pleine de charme [&hellip;]<\/p>\n","protected":false},"author":260684300,"featured_media":0,"parent":0,"menu_order":0,"comment_status":"closed","ping_status":"closed","template":"","meta":{"_crdt_document":"","site-sidebar-layout":"no-sidebar","site-content-layout":"","ast-site-content-layout":"full-width-container","site-content-style":"default","site-sidebar-style":"default","ast-global-header-display":"","ast-banner-title-visibility":"","ast-main-header-display":"","ast-hfb-above-header-display":"","ast-hfb-below-header-display":"","ast-hfb-mobile-header-display":"","site-post-title":"disabled","ast-breadcrumbs-content":"","ast-featured-img":"disabled","footer-sml-layout":"","ast-disable-related-posts":"","theme-transparent-header-meta":"","adv-header-id-meta":"","stick-header-meta":"","header-above-stick-meta":"","header-main-stick-meta":"","header-below-stick-meta":"","astra-migrate-meta-layouts":"default","ast-page-background-enabled":"default","ast-page-background-meta":{"desktop":{"background-color":"var(--ast-global-color-5)","background-image":"","background-repeat":"repeat","background-position":"center center","background-size":"auto","background-attachment":"scroll","background-type":"","background-media":"","overlay-type":"","overlay-color":"","overlay-opacity":"","overlay-gradient":""},"tablet":{"background-color":"","background-image":"","background-repeat":"repeat","background-position":"center center","background-size":"auto","background-attachment":"scroll","background-type":"","background-media":"","overlay-type":"","overlay-color":"","overlay-opacity":"","overlay-gradient":""},"mobile":{"background-color":"","background-image":"","background-repeat":"repeat","background-position":"center center","background-size":"auto","background-attachment":"scroll","background-type":"","background-media":"","overlay-type":"","overlay-color":"","overlay-opacity":"","overlay-gradient":""}},"ast-content-background-meta":{"desktop":{"background-color":"var(--ast-global-color-4)","background-image":"","background-repeat":"repeat","background-position":"center center","background-size":"auto","background-attachment":"scroll","background-type":"","background-media":"","overlay-type":"","overlay-color":"","overlay-opacity":"","overlay-gradient":""},"tablet":{"background-color":"var(--ast-global-color-4)","background-image":"","background-repeat":"repeat","background-position":"center center","background-size":"auto","background-attachment":"scroll","background-type":"","background-media":"","overlay-type":"","overlay-color":"","overlay-opacity":"","overlay-gradient":""},"mobile":{"background-color":"var(--ast-global-color-4)","background-image":"","background-repeat":"repeat","background-position":"center center","background-size":"auto","background-attachment":"scroll","background-type":"","background-media":"","overlay-type":"","overlay-color":"","overlay-opacity":"","overlay-gradient":""}},"advanced_seo_description":"","jetpack_seo_html_title":"","jetpack_seo_noindex":false,"footnotes":""},"class_list":["post-2047","page","type-page","status-publish","hentry"],"jetpack_sharing_enabled":true,"jetpack_likes_enabled":true,"jetpack_shortlink":"https:\/\/wp.me\/PghPof-x1","_links":{"self":[{"href":"https:\/\/transportsdossat.com\/index.php?rest_route=\/wp\/v2\/pages\/2047","targetHints":{"allow":["GET"]}}],"collection":[{"href":"https:\/\/transportsdossat.com\/index.php?rest_route=\/wp\/v2\/pages"}],"about":[{"href":"https:\/\/transportsdossat.com\/index.php?rest_route=\/wp\/v2\/types\/page"}],"author":[{"embeddable":true,"href":"https:\/\/transportsdossat.com\/index.php?rest_route=\/wp\/v2\/users\/260684300"}],"replies":[{"embeddable":true,"href":"https:\/\/transportsdossat.com\/index.php?rest_route=%2Fwp%2Fv2%2Fcomments&post=2047"}],"version-history":[{"count":7,"href":"https:\/\/transportsdossat.com\/index.php?rest_route=\/wp\/v2\/pages\/2047\/revisions"}],"predecessor-version":[{"id":2058,"href":"https:\/\/transportsdossat.com\/index.php?rest_route=\/wp\/v2\/pages\/2047\/revisions\/2058"}],"wp:attachment":[{"href":"https:\/\/transportsdossat.com\/index.php?rest_route=%2Fwp%2Fv2%2Fmedia&parent=2047"}],"curies":[{"name":"wp","href":"https:\/\/api.w.org\/{rel}","templated":true}]}}