{"id":2030,"date":"2025-12-26T17:17:52","date_gmt":"2025-12-26T16:17:52","guid":{"rendered":"https:\/\/transportsdossat.com\/?page_id=2030"},"modified":"2025-12-26T17:22:25","modified_gmt":"2025-12-26T16:22:25","slug":"journee-aux-fetes-despelette","status":"publish","type":"page","link":"https:\/\/transportsdossat.com\/?page_id=2030","title":{"rendered":"Journ\u00e9e aux f\u00eates d&rsquo;Espelette"},"content":{"rendered":"\t\t<div data-elementor-type=\"wp-page\" data-elementor-id=\"2030\" class=\"elementor elementor-2030\">\n\t\t\t\t<div class=\"elementor-element elementor-element-e3a8929 e-flex e-con-boxed e-con e-parent\" data-id=\"e3a8929\" data-element_type=\"container\" data-e-type=\"container\">\n\t\t\t\t\t<div class=\"e-con-inner\">\n\t\t\t\t<div class=\"elementor-element elementor-element-e23a571 elementor-arrows-position-inside elementor-pagination-position-outside elementor-widget elementor-widget-image-carousel\" data-id=\"e23a571\" data-element_type=\"widget\" data-e-type=\"widget\" data-settings=\"{&quot;navigation&quot;:&quot;both&quot;,&quot;autoplay&quot;:&quot;yes&quot;,&quot;pause_on_hover&quot;:&quot;yes&quot;,&quot;pause_on_interaction&quot;:&quot;yes&quot;,&quot;autoplay_speed&quot;:5000,&quot;infinite&quot;:&quot;yes&quot;,&quot;speed&quot;:500}\" data-widget_type=\"image-carousel.default\">\n\t\t\t\t<div class=\"elementor-widget-container\">\n\t\t\t\t\t\t\t<div class=\"elementor-image-carousel-wrapper swiper\" role=\"region\" aria-roledescription=\"carousel\" aria-label=\"Carrousel d\u2019images\" dir=\"ltr\">\n\t\t\t<div class=\"elementor-image-carousel swiper-wrapper\" aria-live=\"off\">\n\t\t\t\t\t\t\t\t<div class=\"swiper-slide\" role=\"group\" aria-roledescription=\"slide\" aria-label=\"1 sur 4\"><figure class=\"swiper-slide-inner\"><img decoding=\"async\" class=\"swiper-slide-image\" src=\"https:\/\/transportsdossat.com\/wp-content\/uploads\/2025\/12\/Sans-titre-1024-x-786-px-49.png\" alt=\"JOURN\u00c9E AUX F\u00caTES D&#039;ESPELETTE\" \/><\/figure><\/div><div class=\"swiper-slide\" role=\"group\" aria-roledescription=\"slide\" aria-label=\"2 sur 4\"><figure class=\"swiper-slide-inner\"><img decoding=\"async\" class=\"swiper-slide-image\" src=\"https:\/\/transportsdossat.com\/wp-content\/uploads\/2025\/12\/Sans-titre-1024-x-786-px-50.png\" alt=\"JOURN\u00c9E AUX F\u00caTES D&#039;ESPELETTE\" \/><\/figure><\/div><div class=\"swiper-slide\" role=\"group\" aria-roledescription=\"slide\" aria-label=\"3 sur 4\"><figure class=\"swiper-slide-inner\"><img decoding=\"async\" class=\"swiper-slide-image\" src=\"https:\/\/transportsdossat.com\/wp-content\/uploads\/2025\/12\/Sans-titre-1024-x-786-px-51.png\" alt=\"JOURN\u00c9E AUX F\u00caTES D&#039;ESPELETTE\" \/><\/figure><\/div><div class=\"swiper-slide\" role=\"group\" aria-roledescription=\"slide\" aria-label=\"4 sur 4\"><figure class=\"swiper-slide-inner\"><img decoding=\"async\" class=\"swiper-slide-image\" src=\"https:\/\/transportsdossat.com\/wp-content\/uploads\/2025\/12\/Sans-titre-1024-x-786-px-52.png\" alt=\"JOURN\u00c9E AUX F\u00caTES D&#039;ESPELETTE\" \/><\/figure><\/div>\t\t\t<\/div>\n\t\t\t\t\t\t\t\t\t\t\t\t<div class=\"elementor-swiper-button elementor-swiper-button-prev\" role=\"button\" tabindex=\"0\">\n\t\t\t\t\t\t<svg aria-hidden=\"true\" class=\"e-font-icon-svg e-eicon-chevron-left\" viewBox=\"0 0 1000 1000\" xmlns=\"http:\/\/www.w3.org\/2000\/svg\"><path d=\"M646 125C629 125 613 133 604 142L308 442C296 454 292 471 292 487 292 504 296 521 308 533L604 854C617 867 629 875 646 875 663 875 679 871 692 858 704 846 713 829 713 812 713 796 708 779 692 767L438 487 692 225C700 217 708 204 708 187 708 171 704 154 692 142 675 129 663 125 646 125Z\"><\/path><\/svg>\t\t\t\t\t<\/div>\n\t\t\t\t\t<div class=\"elementor-swiper-button elementor-swiper-button-next\" role=\"button\" tabindex=\"0\">\n\t\t\t\t\t\t<svg aria-hidden=\"true\" class=\"e-font-icon-svg e-eicon-chevron-right\" viewBox=\"0 0 1000 1000\" xmlns=\"http:\/\/www.w3.org\/2000\/svg\"><path d=\"M696 533C708 521 713 504 713 487 713 471 708 454 696 446L400 146C388 133 375 125 354 125 338 125 325 129 313 142 300 154 292 171 292 187 292 204 296 221 308 233L563 492 304 771C292 783 288 800 288 817 288 833 296 850 308 863 321 871 338 875 354 875 371 875 388 867 400 854L696 533Z\"><\/path><\/svg>\t\t\t\t\t<\/div>\n\t\t\t\t\n\t\t\t\t\t\t\t\t\t<div class=\"swiper-pagination\"><\/div>\n\t\t\t\t\t\t\t\t\t<\/div>\n\t\t\t\t\t\t<\/div>\n\t\t\t\t<\/div>\n\t\t\t\t\t<\/div>\n\t\t\t\t<\/div>\n\t\t<div class=\"elementor-element elementor-element-ac047a0 e-flex e-con-boxed e-con e-parent\" data-id=\"ac047a0\" data-element_type=\"container\" data-e-type=\"container\">\n\t\t\t\t\t<div class=\"e-con-inner\">\n\t\t\t\t<div class=\"elementor-element elementor-element-14f7b60 elementor-widget elementor-widget-text-editor\" data-id=\"14f7b60\" data-element_type=\"widget\" data-e-type=\"widget\" data-widget_type=\"text-editor.default\">\n\t\t\t\t<div class=\"elementor-widget-container\">\n\t\t\t\t\t\t\t\t\t<h3 data-start=\"0\" data-end=\"72\">\ud83c\udf36\ufe0f <strong data-start=\"4\" data-end=\"72\">Journ\u00e9e aux F\u00eates d\u2019Espelette \u2013 Immersion au c\u0153ur du Pays Basque<\/strong><\/h3><p data-start=\"74\" data-end=\"340\">Vivez une journ\u00e9e festive et conviviale au c\u0153ur de la c\u00e9l\u00e8bre <strong data-start=\"136\" data-end=\"154\">F\u00eate du Piment<\/strong> \u00e0 <strong data-start=\"157\" data-end=\"198\"><span class=\"hover:entity-accent entity-underline inline cursor-pointer align-baseline\"><span class=\"whitespace-normal\">Espelette<\/span><\/span><\/strong> !<br data-start=\"200\" data-end=\"203\" \/>Un rendez-vous incontournable pour d\u00e9couvrir les traditions basques, les saveurs locales et l\u2019ambiance unique de ce village embl\u00e9matique.<\/p><p data-start=\"342\" data-end=\"461\">\ud83d\ude8c <strong data-start=\"345\" data-end=\"369\">D\u00e9parts en autocar :<\/strong><br data-start=\"369\" data-end=\"372\" \/>\ud83d\udd62 7h15 \u2013 <strong data-start=\"382\" data-end=\"400\">Trie-sur-Ba\u00efse<\/strong><br data-start=\"400\" data-end=\"403\" \/>\ud83d\udd62 7h30 \u2013 <strong data-start=\"413\" data-end=\"434\">Castelnau-Magnoac<\/strong><br data-start=\"434\" data-end=\"437\" \/>\ud83d\udd62 7h50 \u2013 <strong data-start=\"447\" data-end=\"461\">Lannemezan<\/strong><\/p><p data-start=\"463\" data-end=\"507\">\ud83c\udf1e <strong data-start=\"466\" data-end=\"507\">Journ\u00e9e libre aux F\u00eates d\u2019Espelette :<\/strong><\/p><p data-start=\"509\" data-end=\"877\">Baladez-vous \u00e0 votre rythme dans les rues anim\u00e9es du village, magnifiquement d\u00e9cor\u00e9es de leurs c\u00e9l\u00e8bres guirlandes de piments rouges \ud83c\udf36\ufe0f.<br data-start=\"640\" data-end=\"643\" \/>Profitez pleinement de cette journ\u00e9e embl\u00e9matique :<br data-start=\"694\" data-end=\"697\" \/>\ud83e\uddfa d\u00e9couverte des stands de producteurs locaux<br data-start=\"743\" data-end=\"746\" \/>\ud83c\udf7d\ufe0f d\u00e9gustation des sp\u00e9cialit\u00e9s basques<br data-start=\"785\" data-end=\"788\" \/>\ud83c\udfb6 animations folkloriques, concerts et spectacles<br data-start=\"838\" data-end=\"841\" \/>\ud83d\udecd\ufe0f artisanat et produits du terroir<\/p><p data-start=\"879\" data-end=\"1011\">Une immersion totale dans l\u2019ambiance chaleureuse et festive de la <strong data-start=\"945\" data-end=\"986\"><span class=\"hover:entity-accent entity-underline inline cursor-pointer align-baseline\"><span class=\"whitespace-normal\">F\u00eate du Piment d\u2019Espelette<\/span><\/span><\/strong>, symbole du Pays Basque.<\/p><p data-start=\"879\" data-end=\"1011\">\ud83d\ude8d Retour en fin d\u2019apr\u00e8s-midi<\/p><p data-start=\"1136\" data-end=\"1334\">\ud83d\udcb0 <strong data-start=\"1139\" data-end=\"1182\">Tarifs par personne (prix d\u00e9gressifs) :<\/strong><br data-start=\"1182\" data-end=\"1185\" \/>\ud83d\udc49 Base <strong data-start=\"1193\" data-end=\"1209\">20 personnes<\/strong> : <strong data-start=\"1212\" data-end=\"1220\">60 \u20ac<\/strong><br data-start=\"1220\" data-end=\"1223\" \/>\ud83d\udc49 Base <strong data-start=\"1231\" data-end=\"1247\">30 personnes<\/strong> : <strong data-start=\"1250\" data-end=\"1258\">40 \u20ac<\/strong><br data-start=\"1258\" data-end=\"1261\" \/>\ud83d\udc49 Base <strong data-start=\"1269\" data-end=\"1285\">40 personnes<\/strong> : <strong data-start=\"1288\" data-end=\"1296\">30 \u20ac<\/strong><br data-start=\"1296\" data-end=\"1299\" \/>\ud83d\udc49 Base <strong data-start=\"1307\" data-end=\"1323\">50 personnes<\/strong> : <strong data-start=\"1326\" data-end=\"1334\">25 \u20ac<\/strong><\/p><p data-start=\"1336\" data-end=\"1551\" data-is-last-node=\"\" data-is-only-node=\"\">\ud83c\udf9f\ufe0f <strong data-start=\"1340\" data-end=\"1383\">Une journ\u00e9e libre, festive et gourmande<\/strong>, propos\u00e9e par la <strong data-start=\"1401\" data-end=\"1416\">SARL Dossat<\/strong>, id\u00e9ale pour vivre l\u2019un des temps forts du Pays Basque.<br data-start=\"1472\" data-end=\"1475\" \/>\ud83d\udcc5 <strong data-start=\"1478\" data-end=\"1547\"><a href=\"https:\/\/transportsdossat.com\/?page_id=114\">R\u00e9servez d\u00e8s maintenant<\/a> et venez c\u00e9l\u00e9brer le piment \u00e0 Espelette !<\/strong> \ud83c\udf36\ufe0f<\/p>\t\t\t\t\t\t\t\t<\/div>\n\t\t\t\t<\/div>\n\t\t\t\t\t<\/div>\n\t\t\t\t<\/div>\n\t\t<div class=\"elementor-element elementor-element-4eacfa0 e-flex e-con-boxed e-con e-parent\" data-id=\"4eacfa0\" data-element_type=\"container\" data-e-type=\"container\">\n\t\t\t\t\t<div class=\"e-con-inner\">\n\t\t\t\t<div class=\"elementor-element elementor-element-9562e08 elementor-align-center elementor-widget__width-initial elementor-widget elementor-widget-button\" data-id=\"9562e08\" data-element_type=\"widget\" data-e-type=\"widget\" data-widget_type=\"button.default\">\n\t\t\t\t<div class=\"elementor-widget-container\">\n\t\t\t\t\t\t\t\t\t<div class=\"elementor-button-wrapper\">\n\t\t\t\t\t<a class=\"elementor-button elementor-button-link elementor-size-sm\" href=\"https:\/\/transportsdossat.com\/?page_id=114\">\n\t\t\t\t\t\t<span class=\"elementor-button-content-wrapper\">\n\t\t\t\t\t\t\t\t\t<span class=\"elementor-button-text\">JE R\u00c9SERVE<\/span>\n\t\t\t\t\t<\/span>\n\t\t\t\t\t<\/a>\n\t\t\t\t<\/div>\n\t\t\t\t\t\t\t\t<\/div>\n\t\t\t\t<\/div>\n\t\t\t\t\t<\/div>\n\t\t\t\t<\/div>\n\t\t\t\t<\/div>\n\t\t","protected":false},"excerpt":{"rendered":"<p>\ud83c\udf36\ufe0f Journ\u00e9e aux F\u00eates d\u2019Espelette \u2013 Immersion au c\u0153ur du Pays Basque Vivez une journ\u00e9e festive et conviviale au c\u0153ur [&hellip;]<\/p>\n","protected":false},"author":260684300,"featured_media":0,"parent":0,"menu_order":0,"comment_status":"closed","ping_status":"closed","template":"","meta":{"_crdt_document":"","site-sidebar-layout":"no-sidebar","site-content-layout":"","ast-site-content-layout":"full-width-container","site-content-style":"default","site-sidebar-style":"default","ast-global-header-display":"","ast-banner-title-visibility":"","ast-main-header-display":"","ast-hfb-above-header-display":"","ast-hfb-below-header-display":"","ast-hfb-mobile-header-display":"","site-post-title":"disabled","ast-breadcrumbs-content":"","ast-featured-img":"disabled","footer-sml-layout":"","ast-disable-related-posts":"","theme-transparent-header-meta":"","adv-header-id-meta":"","stick-header-meta":"","header-above-stick-meta":"","header-main-stick-meta":"","header-below-stick-meta":"","astra-migrate-meta-layouts":"default","ast-page-background-enabled":"default","ast-page-background-meta":{"desktop":{"background-color":"var(--ast-global-color-5)","background-image":"","background-repeat":"repeat","background-position":"center center","background-size":"auto","background-attachment":"scroll","background-type":"","background-media":"","overlay-type":"","overlay-color":"","overlay-opacity":"","overlay-gradient":""},"tablet":{"background-color":"","background-image":"","background-repeat":"repeat","background-position":"center center","background-size":"auto","background-attachment":"scroll","background-type":"","background-media":"","overlay-type":"","overlay-color":"","overlay-opacity":"","overlay-gradient":""},"mobile":{"background-color":"","background-image":"","background-repeat":"repeat","background-position":"center center","background-size":"auto","background-attachment":"scroll","background-type":"","background-media":"","overlay-type":"","overlay-color":"","overlay-opacity":"","overlay-gradient":""}},"ast-content-background-meta":{"desktop":{"background-color":"var(--ast-global-color-4)","background-image":"","background-repeat":"repeat","background-position":"center center","background-size":"auto","background-attachment":"scroll","background-type":"","background-media":"","overlay-type":"","overlay-color":"","overlay-opacity":"","overlay-gradient":""},"tablet":{"background-color":"var(--ast-global-color-4)","background-image":"","background-repeat":"repeat","background-position":"center center","background-size":"auto","background-attachment":"scroll","background-type":"","background-media":"","overlay-type":"","overlay-color":"","overlay-opacity":"","overlay-gradient":""},"mobile":{"background-color":"var(--ast-global-color-4)","background-image":"","background-repeat":"repeat","background-position":"center center","background-size":"auto","background-attachment":"scroll","background-type":"","background-media":"","overlay-type":"","overlay-color":"","overlay-opacity":"","overlay-gradient":""}},"advanced_seo_description":"","jetpack_seo_html_title":"","jetpack_seo_noindex":false,"footnotes":""},"class_list":["post-2030","page","type-page","status-publish","hentry"],"jetpack_sharing_enabled":true,"jetpack_likes_enabled":true,"jetpack_shortlink":"https:\/\/wp.me\/PghPof-wK","_links":{"self":[{"href":"https:\/\/transportsdossat.com\/index.php?rest_route=\/wp\/v2\/pages\/2030","targetHints":{"allow":["GET"]}}],"collection":[{"href":"https:\/\/transportsdossat.com\/index.php?rest_route=\/wp\/v2\/pages"}],"about":[{"href":"https:\/\/transportsdossat.com\/index.php?rest_route=\/wp\/v2\/types\/page"}],"author":[{"embeddable":true,"href":"https:\/\/transportsdossat.com\/index.php?rest_route=\/wp\/v2\/users\/260684300"}],"replies":[{"embeddable":true,"href":"https:\/\/transportsdossat.com\/index.php?rest_route=%2Fwp%2Fv2%2Fcomments&post=2030"}],"version-history":[{"count":5,"href":"https:\/\/transportsdossat.com\/index.php?rest_route=\/wp\/v2\/pages\/2030\/revisions"}],"predecessor-version":[{"id":2039,"href":"https:\/\/transportsdossat.com\/index.php?rest_route=\/wp\/v2\/pages\/2030\/revisions\/2039"}],"wp:attachment":[{"href":"https:\/\/transportsdossat.com\/index.php?rest_route=%2Fwp%2Fv2%2Fmedia&parent=2030"}],"curies":[{"name":"wp","href":"https:\/\/api.w.org\/{rel}","templated":true}]}}