{"id":1965,"date":"2025-12-26T15:44:07","date_gmt":"2025-12-26T14:44:07","guid":{"rendered":"https:\/\/transportsdossat.com\/?page_id=1965"},"modified":"2025-12-26T15:48:45","modified_gmt":"2025-12-26T14:48:45","slug":"journee-a-albi","status":"publish","type":"page","link":"https:\/\/transportsdossat.com\/?page_id=1965","title":{"rendered":"Journ\u00e9e \u00e0 Albi"},"content":{"rendered":"\t\t<div data-elementor-type=\"wp-page\" data-elementor-id=\"1965\" class=\"elementor elementor-1965\">\n\t\t\t\t<div class=\"elementor-element elementor-element-c413455 e-flex e-con-boxed e-con e-parent\" data-id=\"c413455\" data-element_type=\"container\" data-e-type=\"container\">\n\t\t\t\t\t<div class=\"e-con-inner\">\n\t\t\t\t<div class=\"elementor-element elementor-element-56d5fb1 elementor-arrows-position-inside elementor-pagination-position-outside elementor-widget elementor-widget-image-carousel\" data-id=\"56d5fb1\" data-element_type=\"widget\" data-e-type=\"widget\" data-settings=\"{&quot;navigation&quot;:&quot;both&quot;,&quot;autoplay&quot;:&quot;yes&quot;,&quot;pause_on_hover&quot;:&quot;yes&quot;,&quot;pause_on_interaction&quot;:&quot;yes&quot;,&quot;autoplay_speed&quot;:5000,&quot;infinite&quot;:&quot;yes&quot;,&quot;speed&quot;:500}\" data-widget_type=\"image-carousel.default\">\n\t\t\t\t<div class=\"elementor-widget-container\">\n\t\t\t\t\t\t\t<div class=\"elementor-image-carousel-wrapper swiper\" role=\"region\" aria-roledescription=\"carousel\" aria-label=\"Carrousel d\u2019images\" dir=\"ltr\">\n\t\t\t<div class=\"elementor-image-carousel swiper-wrapper\" aria-live=\"off\">\n\t\t\t\t\t\t\t\t<div class=\"swiper-slide\" role=\"group\" aria-roledescription=\"slide\" aria-label=\"1 sur 4\"><figure class=\"swiper-slide-inner\"><img decoding=\"async\" class=\"swiper-slide-image\" src=\"https:\/\/transportsdossat.com\/wp-content\/uploads\/2025\/12\/Sans-titre-1024-x-786-px-37.png\" alt=\"Journ\u00e9e \u00e0 Albi\" \/><\/figure><\/div><div class=\"swiper-slide\" role=\"group\" aria-roledescription=\"slide\" aria-label=\"2 sur 4\"><figure class=\"swiper-slide-inner\"><img decoding=\"async\" class=\"swiper-slide-image\" src=\"https:\/\/transportsdossat.com\/wp-content\/uploads\/2025\/12\/Sans-titre-1024-x-786-px-38.png\" alt=\"Journ\u00e9e \u00e0 Albi\" \/><\/figure><\/div><div class=\"swiper-slide\" role=\"group\" aria-roledescription=\"slide\" aria-label=\"3 sur 4\"><figure class=\"swiper-slide-inner\"><img decoding=\"async\" class=\"swiper-slide-image\" src=\"https:\/\/transportsdossat.com\/wp-content\/uploads\/2025\/12\/Sans-titre-1024-x-786-px-39.png\" alt=\"Journ\u00e9e \u00e0 Albi\" \/><\/figure><\/div><div class=\"swiper-slide\" role=\"group\" aria-roledescription=\"slide\" aria-label=\"4 sur 4\"><figure class=\"swiper-slide-inner\"><img decoding=\"async\" class=\"swiper-slide-image\" src=\"https:\/\/transportsdossat.com\/wp-content\/uploads\/2025\/12\/Sans-titre-1024-x-786-px-40.png\" alt=\"Journ\u00e9e \u00e0 Albi\" \/><\/figure><\/div>\t\t\t<\/div>\n\t\t\t\t\t\t\t\t\t\t\t\t<div class=\"elementor-swiper-button elementor-swiper-button-prev\" role=\"button\" tabindex=\"0\">\n\t\t\t\t\t\t<svg aria-hidden=\"true\" class=\"e-font-icon-svg e-eicon-chevron-left\" viewBox=\"0 0 1000 1000\" xmlns=\"http:\/\/www.w3.org\/2000\/svg\"><path d=\"M646 125C629 125 613 133 604 142L308 442C296 454 292 471 292 487 292 504 296 521 308 533L604 854C617 867 629 875 646 875 663 875 679 871 692 858 704 846 713 829 713 812 713 796 708 779 692 767L438 487 692 225C700 217 708 204 708 187 708 171 704 154 692 142 675 129 663 125 646 125Z\"><\/path><\/svg>\t\t\t\t\t<\/div>\n\t\t\t\t\t<div class=\"elementor-swiper-button elementor-swiper-button-next\" role=\"button\" tabindex=\"0\">\n\t\t\t\t\t\t<svg aria-hidden=\"true\" class=\"e-font-icon-svg e-eicon-chevron-right\" viewBox=\"0 0 1000 1000\" xmlns=\"http:\/\/www.w3.org\/2000\/svg\"><path d=\"M696 533C708 521 713 504 713 487 713 471 708 454 696 446L400 146C388 133 375 125 354 125 338 125 325 129 313 142 300 154 292 171 292 187 292 204 296 221 308 233L563 492 304 771C292 783 288 800 288 817 288 833 296 850 308 863 321 871 338 875 354 875 371 875 388 867 400 854L696 533Z\"><\/path><\/svg>\t\t\t\t\t<\/div>\n\t\t\t\t\n\t\t\t\t\t\t\t\t\t<div class=\"swiper-pagination\"><\/div>\n\t\t\t\t\t\t\t\t\t<\/div>\n\t\t\t\t\t\t<\/div>\n\t\t\t\t<\/div>\n\t\t\t\t\t<\/div>\n\t\t\t\t<\/div>\n\t\t<div class=\"elementor-element elementor-element-298090c e-flex e-con-boxed e-con e-parent\" data-id=\"298090c\" data-element_type=\"container\" data-e-type=\"container\">\n\t\t\t\t\t<div class=\"e-con-inner\">\n\t\t\t\t<div class=\"elementor-element elementor-element-bf825ba elementor-widget elementor-widget-text-editor\" data-id=\"bf825ba\" data-element_type=\"widget\" data-e-type=\"widget\" data-widget_type=\"text-editor.default\">\n\t\t\t\t<div class=\"elementor-widget-container\">\n\t\t\t\t\t\t\t\t\t<h3 data-start=\"106\" data-end=\"170\">\ud83c\udfdb\ufe0f <strong data-start=\"110\" data-end=\"170\">Journ\u00e9e \u00e0 Albi \u2013 Immersion au c\u0153ur de la Cit\u00e9 \u00e9piscopale<\/strong><\/h3><p data-start=\"172\" data-end=\"388\">Partez \u00e0 la d\u00e9couverte d\u2019Albi lors d\u2019une journ\u00e9e riche en \u00e9motions, en histoire et en patrimoine. Entre m\u00e9moire ouvri\u00e8re et tr\u00e9sors class\u00e9s \u00e0 l\u2019UNESCO, cette escapade vous d\u00e9voilera toute la beaut\u00e9 de la Ville Rouge.<\/p><p data-start=\"440\" data-end=\"559\">\ud83d\ude8d <strong data-start=\"443\" data-end=\"467\">D\u00e9parts en autocar :<\/strong><br data-start=\"467\" data-end=\"470\" \/>\ud83d\udd56 7h00 \u2013 <strong data-start=\"480\" data-end=\"498\">Trie-sur-Ba\u00efse<\/strong><br data-start=\"498\" data-end=\"501\" \/>\ud83d\udd56 7h15 \u2013 <strong data-start=\"511\" data-end=\"532\">Castelnau-Magnoac<\/strong><br data-start=\"532\" data-end=\"535\" \/>\ud83d\udd62 7h40 \u2013 <strong data-start=\"545\" data-end=\"559\">Lannemezan<\/strong><\/p><p data-start=\"561\" data-end=\"699\">\u26cf\ufe0f Visite du <strong data-start=\"574\" data-end=\"615\"><span class=\"hover:entity-accent entity-underline inline cursor-pointer align-baseline\"><span class=\"whitespace-normal\">Mus\u00e9e de la Mine<\/span><\/span><\/strong>, un lieu \u00e9mouvant retra\u00e7ant la vie quotidienne et le travail des mineurs au fond.<\/p><p data-start=\"701\" data-end=\"729\">\ud83c\udf7d\ufe0f <strong data-start=\"705\" data-end=\"729\">D\u00e9jeuner convivial :<\/strong><\/p><p data-start=\"731\" data-end=\"845\">12h30 \u2013 D\u00e9jeuner dans un restaurant albigeois pour d\u00e9guster les sp\u00e9cialit\u00e9s locales dans une ambiance chaleureuse.<\/p><p data-start=\"847\" data-end=\"899\">\ud83c\udff0 <strong data-start=\"850\" data-end=\"899\">Apr\u00e8s-midi \u2013 Cit\u00e9 \u00e9piscopale class\u00e9e UNESCO :<\/strong><\/p><p data-start=\"901\" data-end=\"1218\">\ud83d\udeb6\u200d\u2640\ufe0f Visite guid\u00e9e de la <strong data-start=\"927\" data-end=\"968\"><span class=\"hover:entity-accent entity-underline inline cursor-pointer align-baseline\"><span class=\"whitespace-normal\">Cit\u00e9 \u00e9piscopale d\u2019Albi<\/span><\/span><\/strong>, joyau du patrimoine mondial.<br data-start=\"998\" data-end=\"1001\" \/>Admirez la monumentale <strong data-start=\"1024\" data-end=\"1065\"><span class=\"hover:entity-accent entity-underline inline cursor-pointer align-baseline\"><span class=\"whitespace-normal\">cath\u00e9drale Sainte-C\u00e9cile<\/span><\/span><\/strong>, chef-d\u2019\u0153uvre du gothique m\u00e9ridional, le majestueux <strong data-start=\"1118\" data-end=\"1159\"><span class=\"hover:entity-accent entity-underline inline cursor-pointer align-baseline\"><span class=\"whitespace-normal\">palais de la Berbie<\/span><\/span><\/strong>, et fl\u00e2nez dans les ruelles historiques de la Ville Rouge.<\/p><p data-start=\"1245\" data-end=\"1357\">\ud83d\ude8d Retour en fin d\u2019apr\u00e8s-midi<\/p><p data-start=\"1359\" data-end=\"1558\">\ud83d\udcb0 <strong data-start=\"1362\" data-end=\"1405\">Tarifs par personne (prix d\u00e9gressifs) :<\/strong><br data-start=\"1405\" data-end=\"1408\" \/>\ud83d\udc49 Base <strong data-start=\"1416\" data-end=\"1432\">20 personnes<\/strong> : <strong data-start=\"1435\" data-end=\"1444\">105 \u20ac<\/strong><br data-start=\"1444\" data-end=\"1447\" \/>\ud83d\udc49 Base <strong data-start=\"1455\" data-end=\"1471\">30 personnes<\/strong> : <strong data-start=\"1474\" data-end=\"1482\">87 \u20ac<\/strong><br data-start=\"1482\" data-end=\"1485\" \/>\ud83d\udc49 Base <strong data-start=\"1493\" data-end=\"1509\">40 personnes<\/strong> : <strong data-start=\"1512\" data-end=\"1520\">77 \u20ac<\/strong><br data-start=\"1520\" data-end=\"1523\" \/>\ud83d\udc49 Base <strong data-start=\"1531\" data-end=\"1547\">50 personnes<\/strong> : <strong data-start=\"1550\" data-end=\"1558\">72 \u20ac<\/strong><\/p><p data-start=\"1560\" data-end=\"1724\" data-is-last-node=\"\" data-is-only-node=\"\">\ud83c\udf9f\ufe0f <strong data-start=\"1564\" data-end=\"1606\">Une journ\u00e9e culturelle et passionnante<\/strong>, propos\u00e9e par la <strong data-start=\"1624\" data-end=\"1639\">SARL Dossat<\/strong>.<br data-start=\"1640\" data-end=\"1643\" \/>\ud83d\udcc5 <strong data-start=\"1646\" data-end=\"1724\" data-is-last-node=\"\"><a href=\"https:\/\/transportsdossat.com\/?page_id=114\">R\u00e9servez d\u00e8s maintenant<\/a> et laissez-vous s\u00e9duire par Albi, la Ville Rouge !<\/strong><\/p>\t\t\t\t\t\t\t\t<\/div>\n\t\t\t\t<\/div>\n\t\t\t\t\t<\/div>\n\t\t\t\t<\/div>\n\t\t<div class=\"elementor-element elementor-element-cc0bbd6 e-flex e-con-boxed e-con e-parent\" data-id=\"cc0bbd6\" data-element_type=\"container\" data-e-type=\"container\">\n\t\t\t\t\t<div class=\"e-con-inner\">\n\t\t\t\t<div class=\"elementor-element elementor-element-fc295a1 elementor-align-center elementor-widget__width-initial elementor-widget elementor-widget-button\" data-id=\"fc295a1\" data-element_type=\"widget\" data-e-type=\"widget\" data-widget_type=\"button.default\">\n\t\t\t\t<div class=\"elementor-widget-container\">\n\t\t\t\t\t\t\t\t\t<div class=\"elementor-button-wrapper\">\n\t\t\t\t\t<a class=\"elementor-button elementor-button-link elementor-size-sm\" href=\"https:\/\/transportsdossat.com\/?page_id=114\">\n\t\t\t\t\t\t<span class=\"elementor-button-content-wrapper\">\n\t\t\t\t\t\t\t\t\t<span class=\"elementor-button-text\">JE R\u00c9SERVE<\/span>\n\t\t\t\t\t<\/span>\n\t\t\t\t\t<\/a>\n\t\t\t\t<\/div>\n\t\t\t\t\t\t\t\t<\/div>\n\t\t\t\t<\/div>\n\t\t\t\t\t<\/div>\n\t\t\t\t<\/div>\n\t\t\t\t<\/div>\n\t\t","protected":false},"excerpt":{"rendered":"<p>\ud83c\udfdb\ufe0f Journ\u00e9e \u00e0 Albi \u2013 Immersion au c\u0153ur de la Cit\u00e9 \u00e9piscopale Partez \u00e0 la d\u00e9couverte d\u2019Albi lors d\u2019une journ\u00e9e [&hellip;]<\/p>\n","protected":false},"author":260684300,"featured_media":0,"parent":0,"menu_order":0,"comment_status":"closed","ping_status":"closed","template":"","meta":{"_crdt_document":"","site-sidebar-layout":"no-sidebar","site-content-layout":"","ast-site-content-layout":"full-width-container","site-content-style":"default","site-sidebar-style":"default","ast-global-header-display":"","ast-banner-title-visibility":"","ast-main-header-display":"","ast-hfb-above-header-display":"","ast-hfb-below-header-display":"","ast-hfb-mobile-header-display":"","site-post-title":"disabled","ast-breadcrumbs-content":"","ast-featured-img":"disabled","footer-sml-layout":"","ast-disable-related-posts":"","theme-transparent-header-meta":"","adv-header-id-meta":"","stick-header-meta":"","header-above-stick-meta":"","header-main-stick-meta":"","header-below-stick-meta":"","astra-migrate-meta-layouts":"default","ast-page-background-enabled":"default","ast-page-background-meta":{"desktop":{"background-color":"var(--ast-global-color-5)","background-image":"","background-repeat":"repeat","background-position":"center center","background-size":"auto","background-attachment":"scroll","background-type":"","background-media":"","overlay-type":"","overlay-color":"","overlay-opacity":"","overlay-gradient":""},"tablet":{"background-color":"","background-image":"","background-repeat":"repeat","background-position":"center center","background-size":"auto","background-attachment":"scroll","background-type":"","background-media":"","overlay-type":"","overlay-color":"","overlay-opacity":"","overlay-gradient":""},"mobile":{"background-color":"","background-image":"","background-repeat":"repeat","background-position":"center center","background-size":"auto","background-attachment":"scroll","background-type":"","background-media":"","overlay-type":"","overlay-color":"","overlay-opacity":"","overlay-gradient":""}},"ast-content-background-meta":{"desktop":{"background-color":"var(--ast-global-color-4)","background-image":"","background-repeat":"repeat","background-position":"center center","background-size":"auto","background-attachment":"scroll","background-type":"","background-media":"","overlay-type":"","overlay-color":"","overlay-opacity":"","overlay-gradient":""},"tablet":{"background-color":"var(--ast-global-color-4)","background-image":"","background-repeat":"repeat","background-position":"center center","background-size":"auto","background-attachment":"scroll","background-type":"","background-media":"","overlay-type":"","overlay-color":"","overlay-opacity":"","overlay-gradient":""},"mobile":{"background-color":"var(--ast-global-color-4)","background-image":"","background-repeat":"repeat","background-position":"center center","background-size":"auto","background-attachment":"scroll","background-type":"","background-media":"","overlay-type":"","overlay-color":"","overlay-opacity":"","overlay-gradient":""}},"advanced_seo_description":"","jetpack_seo_html_title":"","jetpack_seo_noindex":false,"footnotes":""},"class_list":["post-1965","page","type-page","status-publish","hentry"],"jetpack_sharing_enabled":true,"jetpack_likes_enabled":true,"jetpack_shortlink":"https:\/\/wp.me\/PghPof-vH","_links":{"self":[{"href":"https:\/\/transportsdossat.com\/index.php?rest_route=\/wp\/v2\/pages\/1965","targetHints":{"allow":["GET"]}}],"collection":[{"href":"https:\/\/transportsdossat.com\/index.php?rest_route=\/wp\/v2\/pages"}],"about":[{"href":"https:\/\/transportsdossat.com\/index.php?rest_route=\/wp\/v2\/types\/page"}],"author":[{"embeddable":true,"href":"https:\/\/transportsdossat.com\/index.php?rest_route=\/wp\/v2\/users\/260684300"}],"replies":[{"embeddable":true,"href":"https:\/\/transportsdossat.com\/index.php?rest_route=%2Fwp%2Fv2%2Fcomments&post=1965"}],"version-history":[{"count":5,"href":"https:\/\/transportsdossat.com\/index.php?rest_route=\/wp\/v2\/pages\/1965\/revisions"}],"predecessor-version":[{"id":1974,"href":"https:\/\/transportsdossat.com\/index.php?rest_route=\/wp\/v2\/pages\/1965\/revisions\/1974"}],"wp:attachment":[{"href":"https:\/\/transportsdossat.com\/index.php?rest_route=%2Fwp%2Fv2%2Fmedia&parent=1965"}],"curies":[{"name":"wp","href":"https:\/\/api.w.org\/{rel}","templated":true}]}}